{"id":5422,"date":"2021-10-14T13:37:15","date_gmt":"2021-10-14T11:37:15","guid":{"rendered":"http:\/\/www.msab.com\/?post_type=product&#038;p=5422"},"modified":"2021-11-10T11:57:46","modified_gmt":"2021-11-10T10:57:46","slug":"xry-pinpoint","status":"publish","type":"product","link":"https:\/\/www.msab.customer03.tgen.se\/it\/product\/xry-extract\/xry-pinpoint\/","title":{"rendered":"XRY Pinpoint"},"content":{"rendered":"\n<section id=\"\" class=\"block product-hero  \">\n    <div class=\"bg-image\">\n        <div class=\"img\" style=\"background-image: url(https:\/\/www.msab.customer03.tgen.se\/wp-content\/uploads\/2021\/08\/XRY_Hero_5.png);\"><\/div>\n    <\/div>\n    <div class=\"container\">\n\n        <div class=\"text-wrapper text-white text-center\">\n\n            <img decoding=\"async\" width=\"205\" height=\"133\" src=\"https:\/\/www.msab.customer03.tgen.se\/wp-content\/uploads\/2021\/08\/XRY_PinPoint_Logo_White.png\" class=\"product-logo\" alt=\"\" srcset=\"https:\/\/www.msab.customer03.tgen.se\/wp-content\/uploads\/2021\/08\/XRY_PinPoint_Logo_White.png 205w, https:\/\/www.msab.customer03.tgen.se\/wp-content\/uploads\/2021\/08\/XRY_PinPoint_Logo_White-33x21.png 33w, https:\/\/www.msab.customer03.tgen.se\/wp-content\/uploads\/2021\/08\/XRY_PinPoint_Logo_White-102x66.png 102w\" sizes=\"(max-width: 205px) 100vw, 205px\" \/>\n            <p class=\"intro\">La soluzione per i dispositivi mobili non standard<\/p>\n        <\/div><!--\/text-wrapper-->\n        <div class=\"breadcrumb-part dark\"><nav id=\"breadcrumbs\" class=\"bread-nav\"><span><span><a href=\"https:\/\/www.msab.customer03.tgen.se\/it\/\"><i class=\"fas fa-home\"><\/i><\/a><\/span><\/span><\/nav><\/div>    <\/div><!--\/container-->\n<\/section>\n\n\n<section id=\"\" class=\"block text-image-columns bg-white \">\n    <div class=\"container\">\n        <div class=\"row img-right\">\n\n            <div class=\"text-col col-12 col-md-6 d-flex flex-wrap justify-content-center align-items-center\">\n\n                                <div class=\"editor-content\">\n                    <h2>Che cos\u2019\u00e8 XRY PinPoint?<\/h2>\n<p>XRY PinPoint consente di estrarre e decodificare dati da dispositivi mobili non standard, ad esempio imitazioni asiatiche a basso costo di telefoni di marche conosciute. Poich\u00e9 il connettore \u00e8 la principale sfida dal punto di vista forense, questa soluzione \u00e8 costituita da un potente software che rileva automaticamente la configurazione della piedinatura e dell\u2019hardware compatto.<\/p>\n<p>XRY PinPoint \u00e8 completamente integrato e utilizza l\u2019interfaccia XRY Logical\/Physical, familiare e facile da usare, ma richiede una licenza separata. Viene continuamente aggiornato e migliorato.<\/p>\n<p>PinPoint supporta i dispositivi con chipset di MediaTek, SpreadTrum, Coolsand e Infineon.<\/p>\n<p><a class=\"btn btn-primary\" href=\"https:\/\/www.msab.customer03.tgen.se\/it\/contact\/\">Contattate l\u2019ufficio vendite<\/a>\u00a0 \u00a0 \u00a0 <a class=\"btn btn-outline\" href=\"#\">Scheda prodotto<\/a><\/p>\n                <\/div><!--\/.editor-content-->\n                \n            <\/div><!--\/.text-col-->\n\n            <div class=\"img-col col-12 col-md-6 d-flex flex-wrap justify-content-center align-items-center\">\n                \n                                <div class=\"img-wrap grad\">\n                    <img decoding=\"async\" width=\"800\" height=\"450\" src=\"https:\/\/www.msab.customer03.tgen.se\/wp-content\/uploads\/2021\/08\/MicrosoftTeams-image-16.jpg\" class=\"attachment-full size-full\" alt=\"\" srcset=\"https:\/\/www.msab.customer03.tgen.se\/wp-content\/uploads\/2021\/08\/MicrosoftTeams-image-16.jpg 800w, https:\/\/www.msab.customer03.tgen.se\/wp-content\/uploads\/2021\/08\/MicrosoftTeams-image-16-300x169.jpg 300w, https:\/\/www.msab.customer03.tgen.se\/wp-content\/uploads\/2021\/08\/MicrosoftTeams-image-16-768x432.jpg 768w, https:\/\/www.msab.customer03.tgen.se\/wp-content\/uploads\/2021\/08\/MicrosoftTeams-image-16-33x19.jpg 33w, https:\/\/www.msab.customer03.tgen.se\/wp-content\/uploads\/2021\/08\/MicrosoftTeams-image-16-102x57.jpg 102w, https:\/\/www.msab.customer03.tgen.se\/wp-content\/uploads\/2021\/08\/MicrosoftTeams-image-16-500x281.jpg 500w\" sizes=\"(max-width: 800px) 100vw, 800px\" \/>                <\/div><!--\/.img-wrap-->\n                \n            <\/div><!--\/.img-col-->\n\n        <\/div><!--\/.row-->\n    <\/div><!--\/.container-->\n<\/section>\n\n\n<section id=\"\" class=\"block list-block bg-light-grey \">\n    <div class=\"container\">\n\n                \n                <div class=\"list-block__row d-flex\">\n\n            \n            <div class=\"list-block__wrap\">\n                <div class=\"list-block__col editor-content\">\n\n                    <h4 class=\"bold\">Inclusi nella confezione<\/h4>                    \n                                        <ul class=\"check-list blue\">\n\n                                                <li>Cavo di interfaccia<\/li>\n                                                <li>Binder<\/li>\n                                                <li>Kit adattatore (26 punte)<\/li>\n                                                <li>Cavo di alimentazione a coccodrillo, clip, PCB<\/li>\n                                                <li>Adattatore di riduzione della tensione<\/li>\n                                                <li>Astuccio<\/li>\n                        \n                    <\/ul><!--\/.check-list-->\n                                    <\/div><!--\/.list-block__col-->\n            <\/div><!--\/.list-block__wrap-->\n            \n            <div class=\"list-block__wrap\">\n                <div class=\"list-block__col editor-content\">\n\n                    <h4 class=\"bold\">Principali caratteristiche del prodotto<\/h4>                    \n                                        <ul class=\"check-list blue\">\n\n                                                <li>Rilevamento automatico della piedinatura<\/li>\n                                                <li>Estrazione logica e fisica<\/li>\n                                                <li>Generazione di report<\/li>\n                                                <li>Esportazione di file binari<\/li>\n                                                <li>Profili generici per il massimo supporto<\/li>\n                        \n                    <\/ul><!--\/.check-list-->\n                                    <\/div><!--\/.list-block__col-->\n            <\/div><!--\/.list-block__wrap-->\n            \n            <div class=\"list-block__wrap\">\n                <div class=\"list-block__col editor-content\">\n\n                    <h4 class=\"bold\">Decodifica dei dati<\/h4>                    \n                                        <ul class=\"check-list blue\">\n\n                                                <li>Registri chiamate<\/li>\n                                                <li>Contatti<\/li>\n                                                <li>SMS\/MMS<\/li>\n                                                <li>File multimediali<\/li>\n                                                <li>Calendario<\/li>\n                                                <li>Attivit\u00e0<\/li>\n                                                <li>Note<\/li>\n                                                <li>Dati cancellati<\/li>\n                                                <li>ID chip<\/li>\n                                                <li>File system<\/li>\n                        \n                    <\/ul><!--\/.check-list-->\n                                    <\/div><!--\/.list-block__col-->\n            <\/div><!--\/.list-block__wrap-->\n            \n        <\/div><!--\/.list-block__row-->\n        \n    <\/div><!--\/.container-->\n<\/section>\n\n\n<section id=\"\" class=\"block two-cards bg-blue-gradient \">\n    <div class=\"container\">\n                <div class=\"two-cards__row d-flex\">\n                        <div class=\"two-cards__card-wrap\">\n\n                <div class=\"two-cards__card\">\n                                        <div class=\"two-cards__card--image-wrap\">\n                        <img decoding=\"async\" width=\"2560\" height=\"1707\" src=\"https:\/\/www.msab.customer03.tgen.se\/wp-content\/uploads\/2021\/10\/MSAB_Training_3_Icon-scaled.jpg\" class=\"attachment-full size-full\" alt=\"\" srcset=\"https:\/\/www.msab.customer03.tgen.se\/wp-content\/uploads\/2021\/10\/MSAB_Training_3_Icon-scaled.jpg 2560w, https:\/\/www.msab.customer03.tgen.se\/wp-content\/uploads\/2021\/10\/MSAB_Training_3_Icon-300x200.jpg 300w, https:\/\/www.msab.customer03.tgen.se\/wp-content\/uploads\/2021\/10\/MSAB_Training_3_Icon-1024x683.jpg 1024w, https:\/\/www.msab.customer03.tgen.se\/wp-content\/uploads\/2021\/10\/MSAB_Training_3_Icon-768x512.jpg 768w, https:\/\/www.msab.customer03.tgen.se\/wp-content\/uploads\/2021\/10\/MSAB_Training_3_Icon-1536x1024.jpg 1536w, https:\/\/www.msab.customer03.tgen.se\/wp-content\/uploads\/2021\/10\/MSAB_Training_3_Icon-2048x1365.jpg 2048w, https:\/\/www.msab.customer03.tgen.se\/wp-content\/uploads\/2021\/10\/MSAB_Training_3_Icon-33x22.jpg 33w, https:\/\/www.msab.customer03.tgen.se\/wp-content\/uploads\/2021\/10\/MSAB_Training_3_Icon-102x68.jpg 102w, https:\/\/www.msab.customer03.tgen.se\/wp-content\/uploads\/2021\/10\/MSAB_Training_3_Icon-1240x827.jpg 1240w, https:\/\/www.msab.customer03.tgen.se\/wp-content\/uploads\/2021\/10\/MSAB_Training_3_Icon-500x333.jpg 500w\" sizes=\"(max-width: 2560px) 100vw, 2560px\" \/>                    <\/div><!--\/.two-cards__card--image-wrap-->\n                                        <div class=\"two-cards__card--content-wrap editor-content bg-white\">\n                                                <h4 class=\"two-cards__card--title\">I migliori corsi di formazione per i nostri utenti<\/h4>\n                                                <p class=\"two-cards__card--intro\">I nostri corsi di formazione sono i pi\u00f9 avanzati del settore. Condotti da istruttori dedicati a tempo pieno, sono disponibili in tutto il mondo sia come corsi aperti pubblicizzati sul nostro sito web sia come percorsi di formazione dedicata, svolti in loco solo per voi.<\/p>\n                                                <p class=\"two-cards__card--link\"><a href=\"https:\/\/www.msab.customer03.tgen.se\/it\/training-overview\/\" title=\"Prenotate la formazione\"  >Prenotate la formazione<\/a><\/p>\n                                            <\/div><!--\/.two-cards__card--content-wrap-->\n                <\/div><!--\/.two-cards__card-->\n\n            <\/div><!--\/.two-cards__card-wrap-->\n                        <div class=\"two-cards__card-wrap\">\n\n                <div class=\"two-cards__card\">\n                                        <div class=\"two-cards__card--image-wrap\">\n                        <img decoding=\"async\" width=\"600\" height=\"400\" src=\"https:\/\/www.msab.customer03.tgen.se\/wp-content\/uploads\/2021\/10\/MSAB_Kiosk_Selection_Block_Frontline.jpg\" class=\"attachment-full size-full\" alt=\"\" srcset=\"https:\/\/www.msab.customer03.tgen.se\/wp-content\/uploads\/2021\/10\/MSAB_Kiosk_Selection_Block_Frontline.jpg 600w, https:\/\/www.msab.customer03.tgen.se\/wp-content\/uploads\/2021\/10\/MSAB_Kiosk_Selection_Block_Frontline-300x200.jpg 300w, https:\/\/www.msab.customer03.tgen.se\/wp-content\/uploads\/2021\/10\/MSAB_Kiosk_Selection_Block_Frontline-33x22.jpg 33w, https:\/\/www.msab.customer03.tgen.se\/wp-content\/uploads\/2021\/10\/MSAB_Kiosk_Selection_Block_Frontline-102x68.jpg 102w, https:\/\/www.msab.customer03.tgen.se\/wp-content\/uploads\/2021\/10\/MSAB_Kiosk_Selection_Block_Frontline-500x333.jpg 500w\" sizes=\"(max-width: 600px) 100vw, 600px\" \/>                    <\/div><!--\/.two-cards__card--image-wrap-->\n                                        <div class=\"two-cards__card--content-wrap editor-content bg-white\">\n                                                <h4 class=\"two-cards__card--title\">Utilizzate XRY con le nostre piattaforme<\/h4>\n                                                <p class=\"two-cards__card--intro\">MSAB fornisce applicazioni software per diverse piattaforme hardware. Le piattaforme aperte sono progettate per i computer Windows tradizionali con interfaccia basata sull\u2019uso del mouse Le nostre piattaforme chiavi in mano sono pi\u00f9 facili da utilizzare grazie alle interfacce touchscreen.<\/p>\n                                                <p class=\"two-cards__card--link\"><a href=\"https:\/\/www.msab.customer03.tgen.se\/it\/products\/platforms\/\" title=\"Piattaforme hardware\"  >Piattaforme hardware<\/a><\/p>\n                                            <\/div><!--\/.two-cards__card--content-wrap-->\n                <\/div><!--\/.two-cards__card-->\n\n            <\/div><!--\/.two-cards__card-wrap-->\n                    <\/div><!--\/.two-cards__row-->\n            <\/div><!--\/.container-->\n<\/section>\n\n<section id=\"\" class=\"block image-text-with-bg bg-blue-gradient text-white \">\n\t<div class=\"container\">\n\t\t\t\t<div class=\"row\">\n\t\t\t<div class=\"col text-center\">\n                <img decoding=\"async\" width=\"1220\" height=\"500\" src=\"https:\/\/www.msab.customer03.tgen.se\/wp-content\/uploads\/2021\/08\/XRY_Spec_Table_IT.png\" class=\"attachment-container-size size-container-size\" alt=\"\" srcset=\"https:\/\/www.msab.customer03.tgen.se\/wp-content\/uploads\/2021\/08\/XRY_Spec_Table_IT.png 1220w, https:\/\/www.msab.customer03.tgen.se\/wp-content\/uploads\/2021\/08\/XRY_Spec_Table_IT-300x123.png 300w, https:\/\/www.msab.customer03.tgen.se\/wp-content\/uploads\/2021\/08\/XRY_Spec_Table_IT-1024x420.png 1024w, https:\/\/www.msab.customer03.tgen.se\/wp-content\/uploads\/2021\/08\/XRY_Spec_Table_IT-768x315.png 768w, https:\/\/www.msab.customer03.tgen.se\/wp-content\/uploads\/2021\/08\/XRY_Spec_Table_IT-33x14.png 33w, https:\/\/www.msab.customer03.tgen.se\/wp-content\/uploads\/2021\/08\/XRY_Spec_Table_IT-102x42.png 102w, https:\/\/www.msab.customer03.tgen.se\/wp-content\/uploads\/2021\/08\/XRY_Spec_Table_IT-500x205.png 500w\" sizes=\"(max-width: 1220px) 100vw, 1220px\" \/>\t\t\t<\/div>\n\t\t<\/div>\n\t\t\t\t<div class=\"row text-wrapper\">\n\t\t\t<div class=\"col-12 col-md-4 left-col\">\n\t\t\t\t\t\t\t<\/div>\n\t\t\t<div class=\"col-12 col-md-8 right-col\">\n\t\t\t\t<div class=\"row\">\n\t\t\t\t\t<div class=\"col\">\n\t\t\t\t\t\t\t\t\t\t\t<\/div>\n\t\t\t\t<\/div>\n\t\t\t\t\t\t\t<\/div>\n\t\t<\/div>\n\t<\/div>\n<\/section>\n\n\n\n    <style>\n                    #block_61435e923d04a {\n                background-image: url(https:\/\/www.msab.customer03.tgen.se\/wp-content\/uploads\/2021\/08\/Frontline_MSAB_Field_Phone_Extraction_BG-1.jpg);\n            }\n                    <\/style>\n\n<section id=\"block_61435e923d04a\" class=\"block cta-with-bg-img text-white left-layout bg-overlay \">\n    <div class=\"container\" id=\"\">\n                    <div class=\"text-wrapper\">\n                <h2>Richiedete un preventivo<\/h2>\n<p style=\"text-align: left;\">Contattateci per un preventivo o per farci sapere la vostra intenzione di valutare uno dei nostri prodotti.<\/p>\n<p style=\"text-align: left;\"><span style=\"color: #000000;\"><a class=\"btn btn-primary\" style=\"color: #000000;\" href=\"#form-166456\">Contattate l\u2019ufficio vendite<\/a><\/span><\/p>\n            <\/div>\n            <\/div><!--\/container-->\n<\/section>","protected":false},"excerpt":{"rendered":"","protected":false},"author":106,"featured_media":0,"parent":5275,"menu_order":0,"template":"","class_list":["post-5422","product","type-product","status-publish","hentry"],"acf":[],"yoast_head":"<!-- This site is optimized with the Yoast SEO Premium plugin v25.0 (Yoast SEO v27.4) - https:\/\/yoast.com\/product\/yoast-seo-premium-wordpress\/ -->\n<title>XRY Pinpoint - MSAB<\/title>\n<meta name=\"robots\" content=\"noindex, follow, max-snippet:-1, max-image-preview:large, max-video-preview:-1\" \/>\n<meta property=\"og:locale\" content=\"it_IT\" \/>\n<meta property=\"og:type\" content=\"article\" \/>\n<meta property=\"og:title\" content=\"XRY Pinpoint\" \/>\n<meta property=\"og:url\" content=\"https:\/\/www.msab.customer03.tgen.se\/it\/product\/xry-extract\/xry-pinpoint\/\" \/>\n<meta property=\"og:site_name\" content=\"MSAB\" \/>\n<meta property=\"article:publisher\" content=\"https:\/\/www.facebook.com\/microsystemation\" \/>\n<meta property=\"article:modified_time\" content=\"2021-11-10T10:57:46+00:00\" \/>\n<meta name=\"twitter:card\" content=\"summary_large_image\" \/>\n<meta name=\"twitter:site\" content=\"@MSAB_XRY\" \/>\n<script type=\"application\/ld+json\" class=\"yoast-schema-graph\">{\"@context\":\"https:\\\/\\\/schema.org\",\"@graph\":[{\"@type\":\"WebPage\",\"@id\":\"https:\\\/\\\/www.msab.customer03.tgen.se\\\/it\\\/product\\\/xry-extract\\\/xry-pinpoint\\\/\",\"url\":\"https:\\\/\\\/www.msab.customer03.tgen.se\\\/it\\\/product\\\/xry-extract\\\/xry-pinpoint\\\/\",\"name\":\"XRY Pinpoint - MSAB\",\"isPartOf\":{\"@id\":\"https:\\\/\\\/www.msab.customer03.tgen.se\\\/it\\\/#website\"},\"datePublished\":\"2021-10-14T11:37:15+00:00\",\"dateModified\":\"2021-11-10T10:57:46+00:00\",\"breadcrumb\":{\"@id\":\"https:\\\/\\\/www.msab.customer03.tgen.se\\\/it\\\/product\\\/xry-extract\\\/xry-pinpoint\\\/#breadcrumb\"},\"inLanguage\":\"it-IT\",\"potentialAction\":[{\"@type\":\"ReadAction\",\"target\":[\"https:\\\/\\\/www.msab.customer03.tgen.se\\\/it\\\/product\\\/xry-extract\\\/xry-pinpoint\\\/\"]}]},{\"@type\":\"BreadcrumbList\",\"@id\":\"https:\\\/\\\/www.msab.customer03.tgen.se\\\/it\\\/product\\\/xry-extract\\\/xry-pinpoint\\\/#breadcrumb\",\"itemListElement\":[{\"@type\":\"ListItem\",\"position\":1,\"name\":\"\",\"item\":\"https:\\\/\\\/www.msab.customer03.tgen.se\\\/it\\\/\"},{\"@type\":\"ListItem\",\"position\":2,\"name\":\"MSAB Extract &#8211; XRY\",\"item\":\"https:\\\/\\\/www.msab.customer03.tgen.se\\\/it\\\/product\\\/xry-extract\\\/\"},{\"@type\":\"ListItem\",\"position\":3,\"name\":\"XRY Pinpoint\"}]},{\"@type\":\"WebSite\",\"@id\":\"https:\\\/\\\/www.msab.customer03.tgen.se\\\/it\\\/#website\",\"url\":\"https:\\\/\\\/www.msab.customer03.tgen.se\\\/it\\\/\",\"name\":\"MSAB\",\"description\":\"Trusted Partner in Digital Forensics\",\"publisher\":{\"@id\":\"https:\\\/\\\/www.msab.customer03.tgen.se\\\/it\\\/#organization\"},\"potentialAction\":[{\"@type\":\"SearchAction\",\"target\":{\"@type\":\"EntryPoint\",\"urlTemplate\":\"https:\\\/\\\/www.msab.customer03.tgen.se\\\/it\\\/?s={search_term_string}\"},\"query-input\":{\"@type\":\"PropertyValueSpecification\",\"valueRequired\":true,\"valueName\":\"search_term_string\"}}],\"inLanguage\":\"it-IT\"},{\"@type\":\"Organization\",\"@id\":\"https:\\\/\\\/www.msab.customer03.tgen.se\\\/it\\\/#organization\",\"name\":\"MSAB\",\"url\":\"https:\\\/\\\/www.msab.customer03.tgen.se\\\/it\\\/\",\"logo\":{\"@type\":\"ImageObject\",\"inLanguage\":\"it-IT\",\"@id\":\"https:\\\/\\\/www.msab.customer03.tgen.se\\\/it\\\/#\\\/schema\\\/logo\\\/image\\\/\",\"url\":\"https:\\\/\\\/www.msab.customer03.tgen.se\\\/wp-content\\\/uploads\\\/2023\\\/03\\\/MSAB-logo-Black-RGB.png\",\"contentUrl\":\"https:\\\/\\\/www.msab.customer03.tgen.se\\\/wp-content\\\/uploads\\\/2023\\\/03\\\/MSAB-logo-Black-RGB.png\",\"width\":1198,\"height\":353,\"caption\":\"MSAB\"},\"image\":{\"@id\":\"https:\\\/\\\/www.msab.customer03.tgen.se\\\/it\\\/#\\\/schema\\\/logo\\\/image\\\/\"},\"sameAs\":[\"https:\\\/\\\/www.facebook.com\\\/microsystemation\",\"https:\\\/\\\/x.com\\\/MSAB_XRY\",\"https:\\\/\\\/www.linkedin.com\\\/company\\\/micro-systemation\"]}]}<\/script>\n<!-- \/ Yoast SEO Premium plugin. -->","yoast_head_json":{"title":"XRY Pinpoint - MSAB","robots":{"index":"noindex","follow":"follow","max-snippet":"max-snippet:-1","max-image-preview":"max-image-preview:large","max-video-preview":"max-video-preview:-1"},"og_locale":"it_IT","og_type":"article","og_title":"XRY Pinpoint","og_url":"https:\/\/www.msab.customer03.tgen.se\/it\/product\/xry-extract\/xry-pinpoint\/","og_site_name":"MSAB","article_publisher":"https:\/\/www.facebook.com\/microsystemation","article_modified_time":"2021-11-10T10:57:46+00:00","twitter_card":"summary_large_image","twitter_site":"@MSAB_XRY","schema":{"@context":"https:\/\/schema.org","@graph":[{"@type":"WebPage","@id":"https:\/\/www.msab.customer03.tgen.se\/it\/product\/xry-extract\/xry-pinpoint\/","url":"https:\/\/www.msab.customer03.tgen.se\/it\/product\/xry-extract\/xry-pinpoint\/","name":"XRY Pinpoint - MSAB","isPartOf":{"@id":"https:\/\/www.msab.customer03.tgen.se\/it\/#website"},"datePublished":"2021-10-14T11:37:15+00:00","dateModified":"2021-11-10T10:57:46+00:00","breadcrumb":{"@id":"https:\/\/www.msab.customer03.tgen.se\/it\/product\/xry-extract\/xry-pinpoint\/#breadcrumb"},"inLanguage":"it-IT","potentialAction":[{"@type":"ReadAction","target":["https:\/\/www.msab.customer03.tgen.se\/it\/product\/xry-extract\/xry-pinpoint\/"]}]},{"@type":"BreadcrumbList","@id":"https:\/\/www.msab.customer03.tgen.se\/it\/product\/xry-extract\/xry-pinpoint\/#breadcrumb","itemListElement":[{"@type":"ListItem","position":1,"name":"","item":"https:\/\/www.msab.customer03.tgen.se\/it\/"},{"@type":"ListItem","position":2,"name":"MSAB Extract &#8211; XRY","item":"https:\/\/www.msab.customer03.tgen.se\/it\/product\/xry-extract\/"},{"@type":"ListItem","position":3,"name":"XRY Pinpoint"}]},{"@type":"WebSite","@id":"https:\/\/www.msab.customer03.tgen.se\/it\/#website","url":"https:\/\/www.msab.customer03.tgen.se\/it\/","name":"MSAB","description":"Trusted Partner in Digital Forensics","publisher":{"@id":"https:\/\/www.msab.customer03.tgen.se\/it\/#organization"},"potentialAction":[{"@type":"SearchAction","target":{"@type":"EntryPoint","urlTemplate":"https:\/\/www.msab.customer03.tgen.se\/it\/?s={search_term_string}"},"query-input":{"@type":"PropertyValueSpecification","valueRequired":true,"valueName":"search_term_string"}}],"inLanguage":"it-IT"},{"@type":"Organization","@id":"https:\/\/www.msab.customer03.tgen.se\/it\/#organization","name":"MSAB","url":"https:\/\/www.msab.customer03.tgen.se\/it\/","logo":{"@type":"ImageObject","inLanguage":"it-IT","@id":"https:\/\/www.msab.customer03.tgen.se\/it\/#\/schema\/logo\/image\/","url":"https:\/\/www.msab.customer03.tgen.se\/wp-content\/uploads\/2023\/03\/MSAB-logo-Black-RGB.png","contentUrl":"https:\/\/www.msab.customer03.tgen.se\/wp-content\/uploads\/2023\/03\/MSAB-logo-Black-RGB.png","width":1198,"height":353,"caption":"MSAB"},"image":{"@id":"https:\/\/www.msab.customer03.tgen.se\/it\/#\/schema\/logo\/image\/"},"sameAs":["https:\/\/www.facebook.com\/microsystemation","https:\/\/x.com\/MSAB_XRY","https:\/\/www.linkedin.com\/company\/micro-systemation"]}]}},"_links":{"self":[{"href":"https:\/\/www.msab.customer03.tgen.se\/it\/wp-json\/wp\/v2\/product\/5422","targetHints":{"allow":["GET"]}}],"collection":[{"href":"https:\/\/www.msab.customer03.tgen.se\/it\/wp-json\/wp\/v2\/product"}],"about":[{"href":"https:\/\/www.msab.customer03.tgen.se\/it\/wp-json\/wp\/v2\/types\/product"}],"author":[{"embeddable":true,"href":"https:\/\/www.msab.customer03.tgen.se\/it\/wp-json\/wp\/v2\/users\/106"}],"up":[{"embeddable":true,"href":"https:\/\/www.msab.customer03.tgen.se\/it\/wp-json\/wp\/v2\/product\/5275"}],"wp:attachment":[{"href":"https:\/\/www.msab.customer03.tgen.se\/it\/wp-json\/wp\/v2\/media?parent=5422"}],"curies":[{"name":"wp","href":"https:\/\/api.w.org\/{rel}","templated":true}]}}