{"id":5366,"date":"2021-10-14T11:02:47","date_gmt":"2021-10-14T09:02:47","guid":{"rendered":"http:\/\/www.msab.com\/?post_type=product&#038;p=5366"},"modified":"2025-05-28T17:28:58","modified_gmt":"2025-05-28T15:28:58","slug":"xry-logical","status":"publish","type":"product","link":"https:\/\/www.msab.customer03.tgen.se\/it\/product\/xry-extract\/xry-logical\/","title":{"rendered":"XRY Logical"},"content":{"rendered":"\n<section id=\"\" class=\"block product-hero  \">\n    <div class=\"bg-image\">\n        <div class=\"img\" style=\"background-image: url(https:\/\/www.msab.customer03.tgen.se\/wp-content\/uploads\/2021\/08\/MSAB_Extract_XRY_Hero_2024-1.jpg);\"><\/div>\n    <\/div>\n    <div class=\"container\">\n\n        <div class=\"text-wrapper text-white text-center\">\n\n            <img decoding=\"async\" width=\"204\" height=\"133\" src=\"https:\/\/www.msab.customer03.tgen.se\/wp-content\/uploads\/2021\/08\/XRY_Logical_Logo_White.png\" class=\"product-logo\" alt=\"The XRY Logical Logo\" srcset=\"https:\/\/www.msab.customer03.tgen.se\/wp-content\/uploads\/2021\/08\/XRY_Logical_Logo_White.png 204w, https:\/\/www.msab.customer03.tgen.se\/wp-content\/uploads\/2021\/08\/XRY_Logical_Logo_White-33x22.png 33w, https:\/\/www.msab.customer03.tgen.se\/wp-content\/uploads\/2021\/08\/XRY_Logical_Logo_White-102x67.png 102w\" sizes=\"(max-width: 204px) 100vw, 204px\" \/>\n            <p class=\"intro\">Il punto di partenza per la scienza forense applicata ai dispositivi mobili<\/p>\n        <\/div><!--\/text-wrapper-->\n        <div class=\"breadcrumb-part dark\"><nav id=\"breadcrumbs\" class=\"bread-nav\"><span><span><a href=\"https:\/\/www.msab.customer03.tgen.se\/it\/\"><i class=\"fas fa-home\"><\/i><\/a><\/span><\/span><\/nav><\/div>    <\/div><!--\/container-->\n<\/section>\n\n\n\n<section id=\"\" class=\"block regular-content   pt-regular pb-regular bg-light-grey\">\n    <div class=\"container two-columns\">\n                    <div class=\"editor-content\">\n                <h2>Che cos\u2019\u00e8 XRY Logical?<\/h2>\n<p>XRY Logical \u00e8 il metodo di estrazione pi\u00f9 rapido perch\u00e9 consente di accedere e recuperare i dati live e del file system dal dispositivo direttamente sulla scena del crimine. Estrae i dati comunicando con il sistema operativo del dispositivo. Il servizio \u00e8 automatico, ma \u00e8 l\u2019equivalente dell\u2019esame manuale di ogni schermata del dispositivo e della registrazione di ci\u00f2 che viene visualizzato. Con il formato file proprietario di XRY, i dati e l\u2019integrit\u00e0 delle prove sono al sicuro, dall\u2019estrazione fino al processo e alla condanna.<\/p>\n<p>XRY Logical \u00e8 la nostra soluzione di base per gli investigatori forensi e il punto di partenza per le nostre opzioni di licenza.<\/p>\n<p><a class=\"btn btn-primary\" href=\"#form-166456\">Contattate l\u2019ufficio vendite<\/a> \u00a0 \u00a0 <a class=\"btn btn-outline\" href=\"https:\/\/www.msab.customer03.tgen.se\/xry_logical_it\/\">Scheda prodotto<\/a><\/p>\n            <\/div><!--\/.editor-content-->\n                            <div class=\"editor-content\">\n                <p><img decoding=\"async\" class=\"alignnone size-full wp-image-153256\" src=\"https:\/\/www.msab.customer03.tgen.se\/wp-content\/uploads\/2021\/08\/XRY_Logical_Screenshot_Alt.png\" alt=\"\" width=\"800\" srcset=\"https:\/\/www.msab.customer03.tgen.se\/wp-content\/uploads\/2021\/08\/XRY_Logical_Screenshot_Alt.png 800w, https:\/\/www.msab.customer03.tgen.se\/wp-content\/uploads\/2021\/08\/XRY_Logical_Screenshot_Alt-300x169.png 300w, https:\/\/www.msab.customer03.tgen.se\/wp-content\/uploads\/2021\/08\/XRY_Logical_Screenshot_Alt-768x432.png 768w, https:\/\/www.msab.customer03.tgen.se\/wp-content\/uploads\/2021\/08\/XRY_Logical_Screenshot_Alt-33x19.png 33w, https:\/\/www.msab.customer03.tgen.se\/wp-content\/uploads\/2021\/08\/XRY_Logical_Screenshot_Alt-102x57.png 102w, https:\/\/www.msab.customer03.tgen.se\/wp-content\/uploads\/2021\/08\/XRY_Logical_Screenshot_Alt-500x281.png 500w\" sizes=\"(max-width: 800px) 100vw, 800px\" \/><\/p>\n            <\/div><!--\/.editor-content-->\n            <\/div><!--\/.container-->\n<\/section><!--\/.regular-content-->\n\n\n<section id=\"\" class=\"block list-block bg-white \">\n    <div class=\"container\">\n\n                <div class=\"list-block__top-content editor-content center\">\n            <h2 style=\"text-align: center;\">La licenza XRY include<\/h2>\n<p style=\"text-align: center;\">Cavi gratuiti, aggiornamenti software gratuiti e supporto tecnico gratuito. Estensione della garanzia disponibile su tutte le apparecchiature prodotte da MSAB a condizione che sia mantenuta la licenza XRY.<\/p>\n<p style=\"text-align: center;\"><strong>Garantite alle vostre indagini le migliori possibilit\u00e0 di successo<\/strong><\/p>\n        <\/div><!--\/.top-content-->\n                \n                <div class=\"list-block__row d-flex\">\n\n            \n            <div class=\"list-block__wrap\">\n                <div class=\"list-block__col editor-content\">\n\n                    <h4 class=\"bold\">Principali caratteristiche del prodotto<\/h4>                    \n                                        <ul class=\"check-list blue\">\n\n                                                <li>XRY Photon per l\u2019acquisizione dei dati delle app<\/li>\n                                                <li>Lettura di schede SIM<\/li>\n                                                <li>Profili di triage<\/li>\n                                                <li>Recupero rapido di dati mobili in tempo reale<\/li>\n                                                <li>Esami logici dei dispositivi mobili<\/li>\n                        \n                    <\/ul><!--\/.check-list-->\n                                    <\/div><!--\/.list-block__col-->\n            <\/div><!--\/.list-block__wrap-->\n            \n            <div class=\"list-block__wrap\">\n                <div class=\"list-block__col editor-content\">\n\n                    <h4 class=\"bold\">Funzionalit\u00e0<\/h4>                    \n                                        <ul class=\"check-list blue\">\n\n                                                <li>Soluzione software basata su Windows<\/li>\n                                                <li>File della Guida specifici per ogni dispositivo<\/li>\n                                                <li>Formato file sicuro<\/li>\n                                                <li>Algoritmi di hash<\/li>\n                                                <li>Facilit\u00e0 di estrazione dei dati e di reporting<\/li>\n                                                <li><a href=\"https:\/\/www.msab.customer03.tgen.se\/it\/product\/xry-extract\/xry-pinpoint\/\">XRY Pinpoint &#8211; per dispositivi mobili non standard<\/a><\/li>\n                        \n                    <\/ul><!--\/.check-list-->\n                                    <\/div><!--\/.list-block__col-->\n            <\/div><!--\/.list-block__wrap-->\n            \n            <div class=\"list-block__wrap\">\n                <div class=\"list-block__col editor-content\">\n\n                    <h4 class=\"bold\">Strumenti<\/h4>                    \n                                        <ul class=\"check-list blue\">\n\n                                                <li>Procedura guidata per la masterizzazione di CD\/DVD\/Blu-ray<\/li>\n                                                <li>Clonazione di schede SIM<\/li>\n                                                <li>Pulizia del registro<\/li>\n                                                <li>Conversione di vecchi file XRY<\/li>\n                                                <li>Aggiornamenti di licenza<\/li>\n                                                <li>Aggiornamenti di download<\/li>\n                        \n                    <\/ul><!--\/.check-list-->\n                                    <\/div><!--\/.list-block__col-->\n            <\/div><!--\/.list-block__wrap-->\n            \n        <\/div><!--\/.list-block__row-->\n        \n    <\/div><!--\/.container-->\n<\/section>\n\n\n<section id=\"\" class=\"block two-column-content bg-white \">\n    <div class=\"container\">\n        <div class=\"text-wrapper\">\n            <div class=\"row\">\n                                    <div class=\"col-12 col-md-6 col-lg-5\">\n                        <h2 class=\"heading h2\">Include ora XRY Photon per l\u2019acquisizione dei dati delle app<\/h2>                    <\/div>\n                                                    <div class=\"col-12 col-md-6 col-lg-7\">\n                        <p>Con il miglioramento dei protocolli di sicurezza, gli esaminatori sono stati costretti a utilizzare lunghi processi manuali per acquisire e rivedere i dati WhatsApp. Ora c\u2019\u00e8 una nuova opzione che fa risparmiare tempo: XRY Photon.<\/p>\n<p>XRY Photon si comporta come una versione automatica dell\u2019esame manuale delle app per dispositivi Android, ma offre in pi\u00f9 il vantaggio di memorizzare i dati documentati in modo ricercabile, per poter effettuare ricerche testuali, applicare filtri e condurre altri tipi di analisi.<\/p>\n<p><a class=\"btn btn-primary\" href=\"https:\/\/www.msab.customer03.tgen.se\/it\/product\/xry-extract\/xry-photon\/\">Per saperne di pi\u00f9<\/a><\/p>\n                    <\/div>\n                            <\/div><!--\/row-->\n        <\/div><!--\/text-wrapper-->\n    <\/div><!--\/container-->\n<\/section>\n\n<section id=\"\" class=\"block image-text-with-bg bg-blue-gradient text-white \">\n\t<div class=\"container\">\n\t\t\t\t<div class=\"row\">\n\t\t\t<div class=\"col text-center\">\n                <img decoding=\"async\" width=\"1220\" height=\"500\" src=\"https:\/\/www.msab.customer03.tgen.se\/wp-content\/uploads\/2021\/08\/XRY_Spec_Table_IT.png\" class=\"attachment-container-size size-container-size\" alt=\"\" srcset=\"https:\/\/www.msab.customer03.tgen.se\/wp-content\/uploads\/2021\/08\/XRY_Spec_Table_IT.png 1220w, https:\/\/www.msab.customer03.tgen.se\/wp-content\/uploads\/2021\/08\/XRY_Spec_Table_IT-300x123.png 300w, https:\/\/www.msab.customer03.tgen.se\/wp-content\/uploads\/2021\/08\/XRY_Spec_Table_IT-1024x420.png 1024w, https:\/\/www.msab.customer03.tgen.se\/wp-content\/uploads\/2021\/08\/XRY_Spec_Table_IT-768x315.png 768w, https:\/\/www.msab.customer03.tgen.se\/wp-content\/uploads\/2021\/08\/XRY_Spec_Table_IT-33x14.png 33w, https:\/\/www.msab.customer03.tgen.se\/wp-content\/uploads\/2021\/08\/XRY_Spec_Table_IT-102x42.png 102w, https:\/\/www.msab.customer03.tgen.se\/wp-content\/uploads\/2021\/08\/XRY_Spec_Table_IT-500x205.png 500w\" sizes=\"(max-width: 1220px) 100vw, 1220px\" \/>\t\t\t<\/div>\n\t\t<\/div>\n\t\t\t\t<div class=\"row text-wrapper\">\n\t\t\t<div class=\"col-12 col-md-4 left-col\">\n\t\t\t\t\t\t\t<\/div>\n\t\t\t<div class=\"col-12 col-md-8 right-col\">\n\t\t\t\t<div class=\"row\">\n\t\t\t\t\t<div class=\"col\">\n\t\t\t\t\t\t\t\t\t\t\t<\/div>\n\t\t\t\t<\/div>\n\t\t\t\t\t\t\t<\/div>\n\t\t<\/div>\n\t<\/div>\n<\/section>\n\n\n<section id=\"\" class=\"block text-image-columns bg-white \">\n    <div class=\"container\">\n        <div class=\"row img-left\">\n\n            <div class=\"text-col col-12 col-md-6 d-flex flex-wrap justify-content-center align-items-center\">\n\n                                <div class=\"editor-content\">\n                    <h2>Dovete intervenire su telefoni cellulari a cui non siete in grado di accedere?<\/h2>\n<p>&nbsp;<\/p>\n<p><strong>Ora gli investigatori e gli esaminatori impegnati con telefoni cellulari apparentemente inaccessibili possono contare su una nuova opzione per risolvere i casi pi\u00f9 critici: MSAB Access Services.<\/strong><\/p>\n<p>Con Access Services, gli esperti MSAB hanno a disposizione tecniche avanzate e forensicamente valide per estrarre e decriptare i dati da dispositivi selezionati: dati che altrimenti sarebbero inaccessibili e che potrebbero essere determinanti per la risoluzione di un caso.<\/p>\n<p><a class=\"btn btn-primary\" href=\"https:\/\/www.msab.customer03.tgen.se\/it\/products\/professional-services\/#access-services\">Per saperne di pi\u00f9<\/a><\/p>\n                <\/div><!--\/.editor-content-->\n                \n            <\/div><!--\/.text-col-->\n\n            <div class=\"img-col col-12 col-md-6 d-flex flex-wrap justify-content-center align-items-center\">\n                \n                                <div class=\"img-wrap grad\">\n                    <img decoding=\"async\" width=\"750\" height=\"500\" src=\"https:\/\/www.msab.customer03.tgen.se\/wp-content\/uploads\/2021\/10\/MSAB_Access_Services_Icon.jpg\" class=\"attachment-full size-full\" alt=\"\" srcset=\"https:\/\/www.msab.customer03.tgen.se\/wp-content\/uploads\/2021\/10\/MSAB_Access_Services_Icon.jpg 750w, https:\/\/www.msab.customer03.tgen.se\/wp-content\/uploads\/2021\/10\/MSAB_Access_Services_Icon-300x200.jpg 300w, https:\/\/www.msab.customer03.tgen.se\/wp-content\/uploads\/2021\/10\/MSAB_Access_Services_Icon-33x22.jpg 33w, https:\/\/www.msab.customer03.tgen.se\/wp-content\/uploads\/2021\/10\/MSAB_Access_Services_Icon-102x68.jpg 102w, https:\/\/www.msab.customer03.tgen.se\/wp-content\/uploads\/2021\/10\/MSAB_Access_Services_Icon-500x333.jpg 500w\" sizes=\"(max-width: 750px) 100vw, 750px\" \/>                <\/div><!--\/.img-wrap-->\n                \n            <\/div><!--\/.img-col-->\n\n        <\/div><!--\/.row-->\n    <\/div><!--\/.container-->\n<\/section>\n\n\n    <style>\n                    #block_61435e923d04a {\n                background-image: url(https:\/\/www.msab.customer03.tgen.se\/wp-content\/uploads\/2021\/08\/Frontline_MSAB_Field_Phone_Extraction_BG-1.jpg);\n            }\n                    <\/style>\n\n<section id=\"block_61435e923d04a\" class=\"block cta-with-bg-img text-white left-layout bg-overlay \">\n    <div class=\"container\" id=\"\">\n                    <div class=\"text-wrapper\">\n                <h2>Richiedete un preventivo<\/h2>\n<p style=\"text-align: left;\">Contattateci per un preventivo o per farci sapere la vostra intenzione di valutare uno dei nostri prodotti.<\/p>\n<p style=\"text-align: left;\"><span style=\"color: #000000;\"><a class=\"btn btn-primary\" style=\"color: #000000;\" href=\"#form-166456\">Contattate l\u2019ufficio vendite<\/a><\/span><\/p>\n            <\/div>\n            <\/div><!--\/container-->\n<\/section>","protected":false},"excerpt":{"rendered":"","protected":false},"author":2,"featured_media":0,"parent":5275,"menu_order":0,"template":"","class_list":["post-5366","product","type-product","status-publish","hentry"],"acf":[],"yoast_head":"<!-- This site is optimized with the Yoast SEO Premium plugin v25.0 (Yoast SEO v27.4) - https:\/\/yoast.com\/product\/yoast-seo-premium-wordpress\/ -->\n<title>XRY Logical \u2014 Estrazioni veloci da dispositivi digitali | MSAB<\/title>\n<meta name=\"description\" content=\"XRY Logical \u00e8 il metodo di estrazione pi\u00f9 veloce ed \u00e8 il punto di partenza per la forensica mobile. \u2713 Estrazione dati rapida, facile e sicura\" \/>\n<meta name=\"robots\" content=\"noindex, follow, max-snippet:-1, max-image-preview:large, max-video-preview:-1\" \/>\n<meta property=\"og:locale\" content=\"it_IT\" \/>\n<meta property=\"og:type\" content=\"article\" \/>\n<meta property=\"og:title\" content=\"XRY Logical\" \/>\n<meta property=\"og:description\" content=\"XRY Logical \u00e8 il metodo di estrazione pi\u00f9 veloce ed \u00e8 il punto di partenza per la forensica mobile. \u2713 Estrazione dati rapida, facile e sicura\" \/>\n<meta property=\"og:url\" content=\"https:\/\/www.msab.customer03.tgen.se\/it\/product\/xry-extract\/xry-logical\/\" \/>\n<meta property=\"og:site_name\" content=\"MSAB\" \/>\n<meta property=\"article:publisher\" content=\"https:\/\/www.facebook.com\/microsystemation\" \/>\n<meta property=\"article:modified_time\" content=\"2025-05-28T15:28:58+00:00\" \/>\n<meta name=\"twitter:card\" content=\"summary_large_image\" \/>\n<meta name=\"twitter:site\" content=\"@MSAB_XRY\" \/>\n<meta name=\"twitter:label1\" content=\"Tempo di lettura stimato\" \/>\n\t<meta name=\"twitter:data1\" content=\"3 minuti\" \/>\n<script type=\"application\/ld+json\" class=\"yoast-schema-graph\">{\"@context\":\"https:\\\/\\\/schema.org\",\"@graph\":[{\"@type\":\"WebPage\",\"@id\":\"https:\\\/\\\/www.msab.customer03.tgen.se\\\/it\\\/product\\\/xry-extract\\\/xry-logical\\\/\",\"url\":\"https:\\\/\\\/www.msab.customer03.tgen.se\\\/it\\\/product\\\/xry-extract\\\/xry-logical\\\/\",\"name\":\"XRY Logical \u2014 Estrazioni veloci da dispositivi digitali | MSAB\",\"isPartOf\":{\"@id\":\"https:\\\/\\\/www.msab.customer03.tgen.se\\\/it\\\/#website\"},\"datePublished\":\"2021-10-14T09:02:47+00:00\",\"dateModified\":\"2025-05-28T15:28:58+00:00\",\"description\":\"XRY Logical \u00e8 il metodo di estrazione pi\u00f9 veloce ed \u00e8 il punto di partenza per la forensica mobile. \u2713 Estrazione dati rapida, facile e sicura\",\"breadcrumb\":{\"@id\":\"https:\\\/\\\/www.msab.customer03.tgen.se\\\/it\\\/product\\\/xry-extract\\\/xry-logical\\\/#breadcrumb\"},\"inLanguage\":\"it-IT\",\"potentialAction\":[{\"@type\":\"ReadAction\",\"target\":[\"https:\\\/\\\/www.msab.customer03.tgen.se\\\/it\\\/product\\\/xry-extract\\\/xry-logical\\\/\"]}]},{\"@type\":\"BreadcrumbList\",\"@id\":\"https:\\\/\\\/www.msab.customer03.tgen.se\\\/it\\\/product\\\/xry-extract\\\/xry-logical\\\/#breadcrumb\",\"itemListElement\":[{\"@type\":\"ListItem\",\"position\":1,\"name\":\"\",\"item\":\"https:\\\/\\\/www.msab.customer03.tgen.se\\\/it\\\/\"},{\"@type\":\"ListItem\",\"position\":2,\"name\":\"MSAB Extract &#8211; XRY\",\"item\":\"https:\\\/\\\/www.msab.customer03.tgen.se\\\/it\\\/product\\\/xry-extract\\\/\"},{\"@type\":\"ListItem\",\"position\":3,\"name\":\"XRY Logical\"}]},{\"@type\":\"WebSite\",\"@id\":\"https:\\\/\\\/www.msab.customer03.tgen.se\\\/it\\\/#website\",\"url\":\"https:\\\/\\\/www.msab.customer03.tgen.se\\\/it\\\/\",\"name\":\"MSAB\",\"description\":\"Trusted Partner in Digital Forensics\",\"publisher\":{\"@id\":\"https:\\\/\\\/www.msab.customer03.tgen.se\\\/it\\\/#organization\"},\"potentialAction\":[{\"@type\":\"SearchAction\",\"target\":{\"@type\":\"EntryPoint\",\"urlTemplate\":\"https:\\\/\\\/www.msab.customer03.tgen.se\\\/it\\\/?s={search_term_string}\"},\"query-input\":{\"@type\":\"PropertyValueSpecification\",\"valueRequired\":true,\"valueName\":\"search_term_string\"}}],\"inLanguage\":\"it-IT\"},{\"@type\":\"Organization\",\"@id\":\"https:\\\/\\\/www.msab.customer03.tgen.se\\\/it\\\/#organization\",\"name\":\"MSAB\",\"url\":\"https:\\\/\\\/www.msab.customer03.tgen.se\\\/it\\\/\",\"logo\":{\"@type\":\"ImageObject\",\"inLanguage\":\"it-IT\",\"@id\":\"https:\\\/\\\/www.msab.customer03.tgen.se\\\/it\\\/#\\\/schema\\\/logo\\\/image\\\/\",\"url\":\"https:\\\/\\\/www.msab.customer03.tgen.se\\\/wp-content\\\/uploads\\\/2023\\\/03\\\/MSAB-logo-Black-RGB.png\",\"contentUrl\":\"https:\\\/\\\/www.msab.customer03.tgen.se\\\/wp-content\\\/uploads\\\/2023\\\/03\\\/MSAB-logo-Black-RGB.png\",\"width\":1198,\"height\":353,\"caption\":\"MSAB\"},\"image\":{\"@id\":\"https:\\\/\\\/www.msab.customer03.tgen.se\\\/it\\\/#\\\/schema\\\/logo\\\/image\\\/\"},\"sameAs\":[\"https:\\\/\\\/www.facebook.com\\\/microsystemation\",\"https:\\\/\\\/x.com\\\/MSAB_XRY\",\"https:\\\/\\\/www.linkedin.com\\\/company\\\/micro-systemation\"]}]}<\/script>\n<!-- \/ Yoast SEO Premium plugin. -->","yoast_head_json":{"title":"XRY Logical \u2014 Estrazioni veloci da dispositivi digitali | MSAB","description":"XRY Logical \u00e8 il metodo di estrazione pi\u00f9 veloce ed \u00e8 il punto di partenza per la forensica mobile. \u2713 Estrazione dati rapida, facile e sicura","robots":{"index":"noindex","follow":"follow","max-snippet":"max-snippet:-1","max-image-preview":"max-image-preview:large","max-video-preview":"max-video-preview:-1"},"og_locale":"it_IT","og_type":"article","og_title":"XRY Logical","og_description":"XRY Logical \u00e8 il metodo di estrazione pi\u00f9 veloce ed \u00e8 il punto di partenza per la forensica mobile. \u2713 Estrazione dati rapida, facile e sicura","og_url":"https:\/\/www.msab.customer03.tgen.se\/it\/product\/xry-extract\/xry-logical\/","og_site_name":"MSAB","article_publisher":"https:\/\/www.facebook.com\/microsystemation","article_modified_time":"2025-05-28T15:28:58+00:00","twitter_card":"summary_large_image","twitter_site":"@MSAB_XRY","twitter_misc":{"Tempo di lettura stimato":"3 minuti"},"schema":{"@context":"https:\/\/schema.org","@graph":[{"@type":"WebPage","@id":"https:\/\/www.msab.customer03.tgen.se\/it\/product\/xry-extract\/xry-logical\/","url":"https:\/\/www.msab.customer03.tgen.se\/it\/product\/xry-extract\/xry-logical\/","name":"XRY Logical \u2014 Estrazioni veloci da dispositivi digitali | MSAB","isPartOf":{"@id":"https:\/\/www.msab.customer03.tgen.se\/it\/#website"},"datePublished":"2021-10-14T09:02:47+00:00","dateModified":"2025-05-28T15:28:58+00:00","description":"XRY Logical \u00e8 il metodo di estrazione pi\u00f9 veloce ed \u00e8 il punto di partenza per la forensica mobile. \u2713 Estrazione dati rapida, facile e sicura","breadcrumb":{"@id":"https:\/\/www.msab.customer03.tgen.se\/it\/product\/xry-extract\/xry-logical\/#breadcrumb"},"inLanguage":"it-IT","potentialAction":[{"@type":"ReadAction","target":["https:\/\/www.msab.customer03.tgen.se\/it\/product\/xry-extract\/xry-logical\/"]}]},{"@type":"BreadcrumbList","@id":"https:\/\/www.msab.customer03.tgen.se\/it\/product\/xry-extract\/xry-logical\/#breadcrumb","itemListElement":[{"@type":"ListItem","position":1,"name":"","item":"https:\/\/www.msab.customer03.tgen.se\/it\/"},{"@type":"ListItem","position":2,"name":"MSAB Extract &#8211; XRY","item":"https:\/\/www.msab.customer03.tgen.se\/it\/product\/xry-extract\/"},{"@type":"ListItem","position":3,"name":"XRY Logical"}]},{"@type":"WebSite","@id":"https:\/\/www.msab.customer03.tgen.se\/it\/#website","url":"https:\/\/www.msab.customer03.tgen.se\/it\/","name":"MSAB","description":"Trusted Partner in Digital Forensics","publisher":{"@id":"https:\/\/www.msab.customer03.tgen.se\/it\/#organization"},"potentialAction":[{"@type":"SearchAction","target":{"@type":"EntryPoint","urlTemplate":"https:\/\/www.msab.customer03.tgen.se\/it\/?s={search_term_string}"},"query-input":{"@type":"PropertyValueSpecification","valueRequired":true,"valueName":"search_term_string"}}],"inLanguage":"it-IT"},{"@type":"Organization","@id":"https:\/\/www.msab.customer03.tgen.se\/it\/#organization","name":"MSAB","url":"https:\/\/www.msab.customer03.tgen.se\/it\/","logo":{"@type":"ImageObject","inLanguage":"it-IT","@id":"https:\/\/www.msab.customer03.tgen.se\/it\/#\/schema\/logo\/image\/","url":"https:\/\/www.msab.customer03.tgen.se\/wp-content\/uploads\/2023\/03\/MSAB-logo-Black-RGB.png","contentUrl":"https:\/\/www.msab.customer03.tgen.se\/wp-content\/uploads\/2023\/03\/MSAB-logo-Black-RGB.png","width":1198,"height":353,"caption":"MSAB"},"image":{"@id":"https:\/\/www.msab.customer03.tgen.se\/it\/#\/schema\/logo\/image\/"},"sameAs":["https:\/\/www.facebook.com\/microsystemation","https:\/\/x.com\/MSAB_XRY","https:\/\/www.linkedin.com\/company\/micro-systemation"]}]}},"_links":{"self":[{"href":"https:\/\/www.msab.customer03.tgen.se\/it\/wp-json\/wp\/v2\/product\/5366","targetHints":{"allow":["GET"]}}],"collection":[{"href":"https:\/\/www.msab.customer03.tgen.se\/it\/wp-json\/wp\/v2\/product"}],"about":[{"href":"https:\/\/www.msab.customer03.tgen.se\/it\/wp-json\/wp\/v2\/types\/product"}],"author":[{"embeddable":true,"href":"https:\/\/www.msab.customer03.tgen.se\/it\/wp-json\/wp\/v2\/users\/2"}],"up":[{"embeddable":true,"href":"https:\/\/www.msab.customer03.tgen.se\/it\/wp-json\/wp\/v2\/product\/5275"}],"wp:attachment":[{"href":"https:\/\/www.msab.customer03.tgen.se\/it\/wp-json\/wp\/v2\/media?parent=5366"}],"curies":[{"name":"wp","href":"https:\/\/api.w.org\/{rel}","templated":true}]}}