{"id":4181,"date":"2021-09-30T17:42:17","date_gmt":"2021-09-30T15:42:17","guid":{"rendered":"http:\/\/www.msab.com\/?post_type=product&#038;p=4181"},"modified":"2026-03-09T14:27:53","modified_gmt":"2026-03-09T13:27:53","slug":"xamn-viewer","status":"publish","type":"product","link":"https:\/\/www.msab.customer03.tgen.se\/fr\/produits\/analyze\/xamn-viewer\/","title":{"rendered":"XAMN Viewer"},"content":{"rendered":"\n<section id=\"\" class=\"block product-hero  \">\n    <div class=\"bg-image\">\n        <div class=\"img\" style=\"background-image: url(https:\/\/www.msab.customer03.tgen.se\/wp-content\/uploads\/2021\/08\/MSAB_Analyze_XAMN_Hero.jpg);\"><\/div>\n    <\/div>\n    <div class=\"container\">\n\n        <div class=\"text-wrapper text-white text-center\">\n\n            <img decoding=\"async\" width=\"204\" height=\"133\" src=\"https:\/\/www.msab.customer03.tgen.se\/wp-content\/uploads\/2021\/08\/XAMN_Viewer_Logo_White.png\" class=\"product-logo\" alt=\"\" srcset=\"https:\/\/www.msab.customer03.tgen.se\/wp-content\/uploads\/2021\/08\/XAMN_Viewer_Logo_White.png 204w, https:\/\/www.msab.customer03.tgen.se\/wp-content\/uploads\/2021\/08\/XAMN_Viewer_Logo_White-33x22.png 33w, https:\/\/www.msab.customer03.tgen.se\/wp-content\/uploads\/2021\/08\/XAMN_Viewer_Logo_White-102x67.png 102w\" sizes=\"(max-width: 204px) 100vw, 204px\" \/>\n            <p class=\"intro\">Un outil d\u2019analyse gratuit et facile d\u2019utilisation<\/p>\n        <\/div><!--\/text-wrapper-->\n        <div class=\"breadcrumb-part dark\"><nav id=\"breadcrumbs\" class=\"bread-nav\"><span><span><a href=\"https:\/\/www.msab.customer03.tgen.se\/fr\/\"><i class=\"fas fa-home\"><\/i><\/a><\/span><\/span><\/nav><\/div>    <\/div><!--\/container-->\n<\/section>\n\n\n\n<section id=\"\" class=\"block regular-content   pt-regular pb-regular bg-light-grey\">\n    <div class=\"container two-columns\">\n                    <div class=\"editor-content\">\n                <h2>Qu\u2019est-ce que XAMN Viewer ?<\/h2>\n<p>XAMN Viewer est un outil d\u2019analyse simplifi\u00e9 qui peut \u00eatre t\u00e9l\u00e9charg\u00e9 et utilis\u00e9 gratuitement. Il peut \u00eatre affect\u00e9 \u00e0 n\u2019importe quel collaborateur de votre organisation qui doit ouvrir, afficher, analyser et\/ou communiquer les donn\u00e9es de l\u2019appareil mobile. Tout comme XAMN Pro, XAMN Viewer est con\u00e7u pour permettre aux utilisateurs d\u2019explorer et d\u2019examiner d\u2019importants volumes de donn\u00e9es afin de chercher des preuves et\/ou des renseignements cl\u00e9s.<\/p>\n<p>XAMN Viewer est une application logicielle qui ne n\u00e9cessite aucune installation et qui peut \u00eatre fournie, en m\u00eame temps que les donn\u00e9es extraites, \u00e0 toute personne autoris\u00e9e \u2013 aux superviseurs, aux enqu\u00eateurs, aux avocats-conseils, aux administrateurs judiciaires, au personnel du minist\u00e8re public et autres, afin qu\u2019ils aient acc\u00e8s aux informations num\u00e9riques que comportent les appareils num\u00e9riques.<\/p>\n<p><a class=\"btn btn-primary\" href=\"#form-166593\">Nous contacter<\/a> \u00a0 <a class=\"btn btn-outline\" href=\"https:\/\/www.msab.customer03.tgen.se\/xamn_family_fr\/\" target=\"_blank\" rel=\"noopener\">Fiche produit<\/a><\/p>\n            <\/div><!--\/.editor-content-->\n                            <div class=\"editor-content\">\n                <p><img decoding=\"async\" class=\"alignnone size-full wp-image-154712\" src=\"https:\/\/www.msab.customer03.tgen.se\/wp-content\/uploads\/2021\/09\/XAMN_Viewer_Screenshot.png\" alt=\"\" width=\"800\" srcset=\"https:\/\/www.msab.customer03.tgen.se\/wp-content\/uploads\/2021\/09\/XAMN_Viewer_Screenshot.png 800w, https:\/\/www.msab.customer03.tgen.se\/wp-content\/uploads\/2021\/09\/XAMN_Viewer_Screenshot-300x169.png 300w, https:\/\/www.msab.customer03.tgen.se\/wp-content\/uploads\/2021\/09\/XAMN_Viewer_Screenshot-768x432.png 768w, https:\/\/www.msab.customer03.tgen.se\/wp-content\/uploads\/2021\/09\/XAMN_Viewer_Screenshot-33x19.png 33w, https:\/\/www.msab.customer03.tgen.se\/wp-content\/uploads\/2021\/09\/XAMN_Viewer_Screenshot-102x57.png 102w, https:\/\/www.msab.customer03.tgen.se\/wp-content\/uploads\/2021\/09\/XAMN_Viewer_Screenshot-500x281.png 500w\" sizes=\"(max-width: 800px) 100vw, 800px\" \/><\/p>\n            <\/div><!--\/.editor-content-->\n            <\/div><!--\/.container-->\n<\/section><!--\/.regular-content-->\n\n\n    <style>\n                    #block_b087b0d119eb79b05150355d7902bb04 {\n                background-image: url(https:\/\/www.msab.customer03.tgen.se\/wp-content\/uploads\/2021\/09\/L3A8898_EXT-copy-scaled.jpg);\n            }\n                            @media (max-width: 576px) {\n                #block_b087b0d119eb79b05150355d7902bb04 {\n                    background-image: url(https:\/\/www.msab.customer03.tgen.se\/wp-content\/uploads\/2021\/09\/XAMN_Analyze_3_Ext_2021-scaled.jpg);\n                }\n            }\n            <\/style>\n\n<section id=\"block_b087b0d119eb79b05150355d7902bb04\" class=\"block cta-with-bg-img text-white left-layout \">\n    <div class=\"container\" id=\"\">\n                    <div class=\"text-wrapper\">\n                <h2><span style=\"color: #000000;\">Commencez tout de suite<\/span><\/h2>\n<p><span style=\"color: #000000;\">T\u00e9l\u00e9chargez XAMN pour utiliser XAMN Viewer gratuitement. <\/span><\/p>\n<p><span style=\"color: #000000;\">Contactez-nous si vous souhaitez mettre \u00e0 niveau votre licence XAMN ou en savoir plus sur d\u2019autres produits.<\/span><\/p>\n<p><a class=\"btn btn-primary\" style=\"color: #000000;\" href=\"#form-70441\"\">T\u00e9l\u00e9charger XAMN<\/a><\/p>\n            <\/div>\n            <\/div><!--\/container-->\n<\/section>\n\n\n<section id=\"\" class=\"block list-block bg-white \">\n    <div class=\"container\">\n\n                <div class=\"list-block__top-content editor-content left\">\n            <h2>Points forts du produit<\/h2>\n        <\/div><!--\/.top-content-->\n                \n                <div class=\"list-block__row d-flex\">\n\n            \n            <div class=\"list-block__wrap\">\n                <div class=\"list-block__col editor-content\">\n\n                                        \n                                        <ul class=\"check-list orange\">\n\n                                                <li> Gratuit \u2013 aucune installation ni licence n\u2019est requise<\/li>\n                                                <li>Mise en relief de vos r\u00e9sultats gr\u00e2ce \u00e0 une fonctionnalit\u00e9 de balisage compl\u00e8te<\/li>\n                        \n                    <\/ul><!--\/.check-list-->\n                                    <\/div><!--\/.list-block__col-->\n            <\/div><!--\/.list-block__wrap-->\n            \n            <div class=\"list-block__wrap\">\n                <div class=\"list-block__col editor-content\">\n\n                                        \n                                        <ul class=\"check-list orange\">\n\n                                                <li>Filtrer par cat\u00e9gorie de contenu, par texte, heure, donn\u00e9es supprim\u00e9es et plus<\/li>\n                                                <li>Exportation des r\u00e9sultats aux formats PDF, XML, HTML, Word et Excel<\/li>\n                        \n                    <\/ul><!--\/.check-list-->\n                                    <\/div><!--\/.list-block__col-->\n            <\/div><!--\/.list-block__wrap-->\n            \n        <\/div><!--\/.list-block__row-->\n        \n    <\/div><!--\/.container-->\n<\/section>\n\n<section id=\"\" class=\"block image-text-with-bg bg-blue-gradient text-black \">\n\t<div class=\"container\">\n\t\t\t\t<div class=\"row\">\n\t\t\t<div class=\"col text-center\">\n                <img decoding=\"async\" width=\"1220\" height=\"500\" src=\"https:\/\/www.msab.customer03.tgen.se\/wp-content\/uploads\/2022\/10\/XAMN_Specs_Table.png\" class=\"attachment-container-size size-container-size\" alt=\"\" srcset=\"https:\/\/www.msab.customer03.tgen.se\/wp-content\/uploads\/2022\/10\/XAMN_Specs_Table.png 1220w, https:\/\/www.msab.customer03.tgen.se\/wp-content\/uploads\/2022\/10\/XAMN_Specs_Table-300x123.png 300w, https:\/\/www.msab.customer03.tgen.se\/wp-content\/uploads\/2022\/10\/XAMN_Specs_Table-1024x420.png 1024w, https:\/\/www.msab.customer03.tgen.se\/wp-content\/uploads\/2022\/10\/XAMN_Specs_Table-768x315.png 768w, https:\/\/www.msab.customer03.tgen.se\/wp-content\/uploads\/2022\/10\/XAMN_Specs_Table-33x14.png 33w, https:\/\/www.msab.customer03.tgen.se\/wp-content\/uploads\/2022\/10\/XAMN_Specs_Table-102x42.png 102w, https:\/\/www.msab.customer03.tgen.se\/wp-content\/uploads\/2022\/10\/XAMN_Specs_Table-500x205.png 500w\" sizes=\"(max-width: 1220px) 100vw, 1220px\" \/>\t\t\t<\/div>\n\t\t<\/div>\n\t\t\t\t<div class=\"row text-wrapper\">\n\t\t\t<div class=\"col-12 col-md-4 left-col\">\n\t\t\t\t\t\t\t<\/div>\n\t\t\t<div class=\"col-12 col-md-8 right-col\">\n\t\t\t\t<div class=\"row\">\n\t\t\t\t\t<div class=\"col\">\n\t\t\t\t\t\t\t\t\t\t\t<\/div>\n\t\t\t\t<\/div>\n\t\t\t\t\t\t\t<\/div>\n\t\t<\/div>\n\t<\/div>\n<\/section>\n\n\n\n    <style>\n                    #block_6172a8d56ecc4 {\n                background-image: url(https:\/\/www.msab.customer03.tgen.se\/wp-content\/uploads\/2022\/10\/Training_Situation_Mobile_Forensics_Training_Blue.jpg);\n            }\n                            @media (max-width: 576px) {\n                #block_6172a8d56ecc4 {\n                    background-image: url(https:\/\/www.msab.customer03.tgen.se\/wp-content\/uploads\/2022\/10\/Training_Situation_Mobile_Forensics_Training_Blue.jpg);\n                }\n            }\n            <\/style>\n\n<section id=\"block_6172a8d56ecc4\" class=\"block cta-with-bg-img text-white left-layout \">\n    <div class=\"container\" id=\"\">\n                    <div class=\"text-wrapper\">\n                <h2>Une formation sans pareil dans le domaine de la criminalistique mobile<\/h2>\n<p>Apprenez des techniques de pointe, acqu\u00e9rez de nouvelles comp\u00e9tences et faites progresser vos r\u00e9f\u00e9rences professionnelles gr\u00e2ce \u00e0 notre formation en criminalistique mobile.<\/p>\n<p><a class=\"btn btn-primary\" style=\"color: #000000;\" href=\"https:\/\/www.msab.customer03.tgen.se\/fr\/formation\/\" target=\"_blank\" rel=\"noopener\">Cours de r\u00e9cup\u00e9ration de donn\u00e9es<\/a><\/p>\n<p><a class=\"btn btn-primary\" style=\"color: #000000;\" href=\"https:\/\/www.msab.customer03.tgen.se\/fr\/formation\/\" target=\"_blank\" rel=\"noopener\"><strong>Cours d\u2019analyse de donn\u00e9es<\/strong><\/a><\/p>\n            <\/div>\n            <\/div><!--\/container-->\n<\/section>","protected":false},"excerpt":{"rendered":"","protected":false},"author":106,"featured_media":0,"parent":4204,"menu_order":0,"template":"","class_list":["post-4181","product","type-product","status-publish","hentry"],"acf":[],"yoast_head":"<!-- This site is optimized with the Yoast SEO Premium plugin v25.0 (Yoast SEO v27.4) - https:\/\/yoast.com\/product\/yoast-seo-premium-wordpress\/ -->\n<title>XAMN \u2014 R\u00e9cup\u00e9ration et Extraction de Donn\u00e9es Forensiques | MSAB<\/title>\n<meta name=\"description\" content=\"XAMN Viewer est un outil gratuit et simple. \u2713 Leader mondial en forensique num\u00e9rique mobile \u2713 Outils pour extraire, analyser, g\u00e9rer les donn\u00e9es\" \/>\n<meta name=\"robots\" content=\"noindex, follow, max-snippet:-1, max-image-preview:large, max-video-preview:-1\" \/>\n<meta property=\"og:locale\" content=\"fr_FR\" \/>\n<meta property=\"og:type\" content=\"article\" \/>\n<meta property=\"og:title\" content=\"XAMN Viewer\" \/>\n<meta property=\"og:description\" content=\"XAMN Viewer est un outil gratuit et simple. \u2713 Leader mondial en forensique num\u00e9rique mobile \u2713 Outils pour extraire, analyser, g\u00e9rer les donn\u00e9es\" \/>\n<meta property=\"og:url\" content=\"https:\/\/www.msab.customer03.tgen.se\/fr\/produits\/analyze\/xamn-viewer\/\" \/>\n<meta property=\"og:site_name\" content=\"MSAB\" \/>\n<meta property=\"article:publisher\" content=\"https:\/\/www.facebook.com\/microsystemation\" \/>\n<meta property=\"article:modified_time\" content=\"2026-03-09T13:27:53+00:00\" \/>\n<meta name=\"twitter:card\" content=\"summary_large_image\" \/>\n<meta name=\"twitter:site\" content=\"@MSAB_XRY\" \/>\n<meta name=\"twitter:label1\" content=\"Dur\u00e9e de lecture estim\u00e9e\" \/>\n\t<meta name=\"twitter:data1\" content=\"2 minutes\" \/>\n<script type=\"application\/ld+json\" class=\"yoast-schema-graph\">{\"@context\":\"https:\\\/\\\/schema.org\",\"@graph\":[{\"@type\":\"WebPage\",\"@id\":\"https:\\\/\\\/www.msab.customer03.tgen.se\\\/fr\\\/produits\\\/analyze\\\/xamn-viewer\\\/\",\"url\":\"https:\\\/\\\/www.msab.customer03.tgen.se\\\/fr\\\/produits\\\/analyze\\\/xamn-viewer\\\/\",\"name\":\"XAMN \u2014 R\u00e9cup\u00e9ration et Extraction de Donn\u00e9es Forensiques | MSAB\",\"isPartOf\":{\"@id\":\"https:\\\/\\\/www.msab.customer03.tgen.se\\\/fr\\\/#website\"},\"datePublished\":\"2021-09-30T15:42:17+00:00\",\"dateModified\":\"2026-03-09T13:27:53+00:00\",\"description\":\"XAMN Viewer est un outil gratuit et simple. \u2713 Leader mondial en forensique num\u00e9rique mobile \u2713 Outils pour extraire, analyser, g\u00e9rer les donn\u00e9es\",\"breadcrumb\":{\"@id\":\"https:\\\/\\\/www.msab.customer03.tgen.se\\\/fr\\\/produits\\\/analyze\\\/xamn-viewer\\\/#breadcrumb\"},\"inLanguage\":\"fr-FR\",\"potentialAction\":[{\"@type\":\"ReadAction\",\"target\":[\"https:\\\/\\\/www.msab.customer03.tgen.se\\\/fr\\\/produits\\\/analyze\\\/xamn-viewer\\\/\"]}]},{\"@type\":\"BreadcrumbList\",\"@id\":\"https:\\\/\\\/www.msab.customer03.tgen.se\\\/fr\\\/produits\\\/analyze\\\/xamn-viewer\\\/#breadcrumb\",\"itemListElement\":[{\"@type\":\"ListItem\",\"position\":1,\"name\":\"\",\"item\":\"https:\\\/\\\/www.msab.customer03.tgen.se\\\/fr\\\/\"},{\"@type\":\"ListItem\",\"position\":2,\"name\":\"MSAB Analyze &#8211; XAMN\",\"item\":\"https:\\\/\\\/www.msab.customer03.tgen.se\\\/fr\\\/produits\\\/analyze\\\/\"},{\"@type\":\"ListItem\",\"position\":3,\"name\":\"XAMN Viewer\"}]},{\"@type\":\"WebSite\",\"@id\":\"https:\\\/\\\/www.msab.customer03.tgen.se\\\/fr\\\/#website\",\"url\":\"https:\\\/\\\/www.msab.customer03.tgen.se\\\/fr\\\/\",\"name\":\"MSAB\",\"description\":\"Trusted Partner in Digital Forensics\",\"publisher\":{\"@id\":\"https:\\\/\\\/www.msab.customer03.tgen.se\\\/fr\\\/#organization\"},\"potentialAction\":[{\"@type\":\"SearchAction\",\"target\":{\"@type\":\"EntryPoint\",\"urlTemplate\":\"https:\\\/\\\/www.msab.customer03.tgen.se\\\/fr\\\/?s={search_term_string}\"},\"query-input\":{\"@type\":\"PropertyValueSpecification\",\"valueRequired\":true,\"valueName\":\"search_term_string\"}}],\"inLanguage\":\"fr-FR\"},{\"@type\":\"Organization\",\"@id\":\"https:\\\/\\\/www.msab.customer03.tgen.se\\\/fr\\\/#organization\",\"name\":\"MSAB\",\"url\":\"https:\\\/\\\/www.msab.customer03.tgen.se\\\/fr\\\/\",\"logo\":{\"@type\":\"ImageObject\",\"inLanguage\":\"fr-FR\",\"@id\":\"https:\\\/\\\/www.msab.customer03.tgen.se\\\/fr\\\/#\\\/schema\\\/logo\\\/image\\\/\",\"url\":\"https:\\\/\\\/www.msab.customer03.tgen.se\\\/wp-content\\\/uploads\\\/2023\\\/03\\\/MSAB-logo-Black-RGB.png\",\"contentUrl\":\"https:\\\/\\\/www.msab.customer03.tgen.se\\\/wp-content\\\/uploads\\\/2023\\\/03\\\/MSAB-logo-Black-RGB.png\",\"width\":1198,\"height\":353,\"caption\":\"MSAB\"},\"image\":{\"@id\":\"https:\\\/\\\/www.msab.customer03.tgen.se\\\/fr\\\/#\\\/schema\\\/logo\\\/image\\\/\"},\"sameAs\":[\"https:\\\/\\\/www.facebook.com\\\/microsystemation\",\"https:\\\/\\\/x.com\\\/MSAB_XRY\",\"https:\\\/\\\/www.linkedin.com\\\/company\\\/micro-systemation\"]}]}<\/script>\n<!-- \/ Yoast SEO Premium plugin. -->","yoast_head_json":{"title":"XAMN \u2014 R\u00e9cup\u00e9ration et Extraction de Donn\u00e9es Forensiques | MSAB","description":"XAMN Viewer est un outil gratuit et simple. \u2713 Leader mondial en forensique num\u00e9rique mobile \u2713 Outils pour extraire, analyser, g\u00e9rer les donn\u00e9es","robots":{"index":"noindex","follow":"follow","max-snippet":"max-snippet:-1","max-image-preview":"max-image-preview:large","max-video-preview":"max-video-preview:-1"},"og_locale":"fr_FR","og_type":"article","og_title":"XAMN Viewer","og_description":"XAMN Viewer est un outil gratuit et simple. \u2713 Leader mondial en forensique num\u00e9rique mobile \u2713 Outils pour extraire, analyser, g\u00e9rer les donn\u00e9es","og_url":"https:\/\/www.msab.customer03.tgen.se\/fr\/produits\/analyze\/xamn-viewer\/","og_site_name":"MSAB","article_publisher":"https:\/\/www.facebook.com\/microsystemation","article_modified_time":"2026-03-09T13:27:53+00:00","twitter_card":"summary_large_image","twitter_site":"@MSAB_XRY","twitter_misc":{"Dur\u00e9e de lecture estim\u00e9e":"2 minutes"},"schema":{"@context":"https:\/\/schema.org","@graph":[{"@type":"WebPage","@id":"https:\/\/www.msab.customer03.tgen.se\/fr\/produits\/analyze\/xamn-viewer\/","url":"https:\/\/www.msab.customer03.tgen.se\/fr\/produits\/analyze\/xamn-viewer\/","name":"XAMN \u2014 R\u00e9cup\u00e9ration et Extraction de Donn\u00e9es Forensiques | MSAB","isPartOf":{"@id":"https:\/\/www.msab.customer03.tgen.se\/fr\/#website"},"datePublished":"2021-09-30T15:42:17+00:00","dateModified":"2026-03-09T13:27:53+00:00","description":"XAMN Viewer est un outil gratuit et simple. \u2713 Leader mondial en forensique num\u00e9rique mobile \u2713 Outils pour extraire, analyser, g\u00e9rer les donn\u00e9es","breadcrumb":{"@id":"https:\/\/www.msab.customer03.tgen.se\/fr\/produits\/analyze\/xamn-viewer\/#breadcrumb"},"inLanguage":"fr-FR","potentialAction":[{"@type":"ReadAction","target":["https:\/\/www.msab.customer03.tgen.se\/fr\/produits\/analyze\/xamn-viewer\/"]}]},{"@type":"BreadcrumbList","@id":"https:\/\/www.msab.customer03.tgen.se\/fr\/produits\/analyze\/xamn-viewer\/#breadcrumb","itemListElement":[{"@type":"ListItem","position":1,"name":"","item":"https:\/\/www.msab.customer03.tgen.se\/fr\/"},{"@type":"ListItem","position":2,"name":"MSAB Analyze &#8211; XAMN","item":"https:\/\/www.msab.customer03.tgen.se\/fr\/produits\/analyze\/"},{"@type":"ListItem","position":3,"name":"XAMN Viewer"}]},{"@type":"WebSite","@id":"https:\/\/www.msab.customer03.tgen.se\/fr\/#website","url":"https:\/\/www.msab.customer03.tgen.se\/fr\/","name":"MSAB","description":"Trusted Partner in Digital Forensics","publisher":{"@id":"https:\/\/www.msab.customer03.tgen.se\/fr\/#organization"},"potentialAction":[{"@type":"SearchAction","target":{"@type":"EntryPoint","urlTemplate":"https:\/\/www.msab.customer03.tgen.se\/fr\/?s={search_term_string}"},"query-input":{"@type":"PropertyValueSpecification","valueRequired":true,"valueName":"search_term_string"}}],"inLanguage":"fr-FR"},{"@type":"Organization","@id":"https:\/\/www.msab.customer03.tgen.se\/fr\/#organization","name":"MSAB","url":"https:\/\/www.msab.customer03.tgen.se\/fr\/","logo":{"@type":"ImageObject","inLanguage":"fr-FR","@id":"https:\/\/www.msab.customer03.tgen.se\/fr\/#\/schema\/logo\/image\/","url":"https:\/\/www.msab.customer03.tgen.se\/wp-content\/uploads\/2023\/03\/MSAB-logo-Black-RGB.png","contentUrl":"https:\/\/www.msab.customer03.tgen.se\/wp-content\/uploads\/2023\/03\/MSAB-logo-Black-RGB.png","width":1198,"height":353,"caption":"MSAB"},"image":{"@id":"https:\/\/www.msab.customer03.tgen.se\/fr\/#\/schema\/logo\/image\/"},"sameAs":["https:\/\/www.facebook.com\/microsystemation","https:\/\/x.com\/MSAB_XRY","https:\/\/www.linkedin.com\/company\/micro-systemation"]}]}},"_links":{"self":[{"href":"https:\/\/www.msab.customer03.tgen.se\/fr\/wp-json\/wp\/v2\/product\/4181","targetHints":{"allow":["GET"]}}],"collection":[{"href":"https:\/\/www.msab.customer03.tgen.se\/fr\/wp-json\/wp\/v2\/product"}],"about":[{"href":"https:\/\/www.msab.customer03.tgen.se\/fr\/wp-json\/wp\/v2\/types\/product"}],"author":[{"embeddable":true,"href":"https:\/\/www.msab.customer03.tgen.se\/fr\/wp-json\/wp\/v2\/users\/106"}],"up":[{"embeddable":true,"href":"https:\/\/www.msab.customer03.tgen.se\/fr\/wp-json\/wp\/v2\/product\/4204"}],"wp:attachment":[{"href":"https:\/\/www.msab.customer03.tgen.se\/fr\/wp-json\/wp\/v2\/media?parent=4181"}],"curies":[{"name":"wp","href":"https:\/\/api.w.org\/{rel}","templated":true}]}}