{"id":4981,"date":"2021-10-11T16:30:27","date_gmt":"2021-10-11T14:30:27","guid":{"rendered":"http:\/\/www.msab.com\/?post_type=product&#038;p=4981"},"modified":"2025-03-19T08:39:58","modified_gmt":"2025-03-19T07:39:58","slug":"xry-camera","status":"publish","type":"product","link":"https:\/\/www.msab.customer03.tgen.se\/es\/productos\/xry-extract\/xry-camera\/","title":{"rendered":"XRY Camera"},"content":{"rendered":"\n<section id=\"\" class=\"block product-hero  \">\n    <div class=\"bg-image\">\n        <div class=\"img\" style=\"background-image: url(https:\/\/www.msab.customer03.tgen.se\/wp-content\/uploads\/2023\/03\/XRY_Hero_Test_2.jpg);\"><\/div>\n    <\/div>\n    <div class=\"container\">\n\n        <div class=\"text-wrapper text-white text-center\">\n\n            <img decoding=\"async\" width=\"204\" height=\"133\" src=\"https:\/\/www.msab.customer03.tgen.se\/wp-content\/uploads\/2021\/08\/XRY_Camera_Logo_White.png\" class=\"product-logo\" alt=\"\" srcset=\"https:\/\/www.msab.customer03.tgen.se\/wp-content\/uploads\/2021\/08\/XRY_Camera_Logo_White.png 204w, https:\/\/www.msab.customer03.tgen.se\/wp-content\/uploads\/2021\/08\/XRY_Camera_Logo_White-33x22.png 33w, https:\/\/www.msab.customer03.tgen.se\/wp-content\/uploads\/2021\/08\/XRY_Camera_Logo_White-102x67.png 102w\" sizes=\"(max-width: 204px) 100vw, 204px\" \/>\n            <p class=\"intro\">Re\u00fana pruebas de imagen y video de apoyo<\/p>\n        <\/div><!--\/text-wrapper-->\n        <div class=\"breadcrumb-part dark\"><nav id=\"breadcrumbs\" class=\"bread-nav\"><span><span><a href=\"https:\/\/www.msab.customer03.tgen.se\/es\/\"><i class=\"fas fa-home\"><\/i><\/a><\/span><\/span><\/nav><\/div>    <\/div><!--\/container-->\n<\/section>\n\n\n<section id=\"\" class=\"block text-image-columns bg-light-grey \">\n    <div class=\"container\">\n        <div class=\"row img-right\">\n\n            <div class=\"text-col col-12 col-md-6 d-flex flex-wrap justify-content-center align-items-center\">\n\n                                <div class=\"editor-content\">\n                    <h2>\u00bfQu\u00e9 es la XRY Camera?<\/h2>\n<p>XRY Camera ofrece a los analistas forenses la oportunidad de complementar sus informes XRY con fotos del dispositivo examinado desde una c\u00e1mara HD. A veces una captura de pantalla es la \u00fanica manera de capturar una evidencia relevante y ayudar a validar los resultados de extracci\u00f3n del dispositivo.<\/p>\n<p>El aseguramiento de marcas borrosas \u00fanicas en la pantalla del tel\u00e9fono inteligente caracter\u00edsticas de identificaci\u00f3n inusuales o el IMEI en la pegatina debajo de la bater\u00eda pueden ser cr\u00edticos en un determinado caso. XRY Camera le permite incluir estas im\u00e1genes de soporte cr\u00edticas en los archivos XRY relevantes y agregar notas del analista en tiempo real para respaldar su caso. Y todo se realiza de una manera probatoriamente s\u00f3lida y firme.<\/p>\n<p>XRY Camera es una soluci\u00f3n independiente basada en hardware.<\/p>\n<p><a class=\"btn btn-primary\" href=\"#\">Contactar con ventas<\/a>\u00a0 \u00a0 \u00a0 <a class=\"btn btn-outline\" href=\"#\">Hoja de producto<\/a><\/p>\n                <\/div><!--\/.editor-content-->\n                \n            <\/div><!--\/.text-col-->\n\n            <div class=\"img-col col-12 col-md-6 d-flex flex-wrap justify-content-center align-items-center\">\n                \n                                <div class=\"img-wrap grad\">\n                    <img decoding=\"async\" width=\"3854\" height=\"2964\" src=\"https:\/\/www.msab.customer03.tgen.se\/wp-content\/uploads\/2021\/08\/XRY_Camera-1.png\" class=\"attachment-full size-full\" alt=\"XRY Camera\" srcset=\"https:\/\/www.msab.customer03.tgen.se\/wp-content\/uploads\/2021\/08\/XRY_Camera-1.png 3854w, https:\/\/www.msab.customer03.tgen.se\/wp-content\/uploads\/2021\/08\/XRY_Camera-1-300x231.png 300w, https:\/\/www.msab.customer03.tgen.se\/wp-content\/uploads\/2021\/08\/XRY_Camera-1-1024x788.png 1024w, https:\/\/www.msab.customer03.tgen.se\/wp-content\/uploads\/2021\/08\/XRY_Camera-1-768x591.png 768w, https:\/\/www.msab.customer03.tgen.se\/wp-content\/uploads\/2021\/08\/XRY_Camera-1-1536x1181.png 1536w, https:\/\/www.msab.customer03.tgen.se\/wp-content\/uploads\/2021\/08\/XRY_Camera-1-2048x1575.png 2048w, https:\/\/www.msab.customer03.tgen.se\/wp-content\/uploads\/2021\/08\/XRY_Camera-1-33x25.png 33w, https:\/\/www.msab.customer03.tgen.se\/wp-content\/uploads\/2021\/08\/XRY_Camera-1-102x78.png 102w, https:\/\/www.msab.customer03.tgen.se\/wp-content\/uploads\/2021\/08\/XRY_Camera-1-1240x954.png 1240w, https:\/\/www.msab.customer03.tgen.se\/wp-content\/uploads\/2021\/08\/XRY_Camera-1-500x385.png 500w\" sizes=\"(max-width: 3854px) 100vw, 3854px\" \/>                <\/div><!--\/.img-wrap-->\n                \n            <\/div><!--\/.img-col-->\n\n        <\/div><!--\/.row-->\n    <\/div><!--\/.container-->\n<\/section>\n\n\n<section id=\"\" class=\"block list-block bg-white \">\n    <div class=\"container\">\n\n                \n                <div class=\"list-block__row d-flex\">\n\n            \n            <div class=\"list-block__wrap\">\n                <div class=\"list-block__col editor-content\">\n\n                    <h4 class=\"bold\">Caracter\u00edsticas destacadas del producto<\/h4>                    \n                                        <ul class=\"check-list blue\">\n\n                                                <li>Tomar fotos a trav\u00e9s de XRY<\/li>\n                                                <li>Validaci\u00f3n de datos con capturas de pantalla<\/li>\n                        \n                    <\/ul><!--\/.check-list-->\n                                    <\/div><!--\/.list-block__col-->\n            <\/div><!--\/.list-block__wrap-->\n            \n            <div class=\"list-block__wrap\">\n                <div class=\"list-block__col editor-content\">\n\n                    <h4 class=\"bold\">&nbsp;<\/h4>                    \n                                        <ul class=\"check-list blue\">\n\n                                                <li>Revisi\u00f3n antes de la captura<\/li>\n                                                <li>Fotos integradas en informes XRY seguros<\/li>\n                        \n                    <\/ul><!--\/.check-list-->\n                                    <\/div><!--\/.list-block__col-->\n            <\/div><!--\/.list-block__wrap-->\n            \n            <div class=\"list-block__wrap\">\n                <div class=\"list-block__col editor-content\">\n\n                    <h4 class=\"bold\">&nbsp;<\/h4>                    \n                                        <ul class=\"check-list blue\">\n\n                                                <li>Inserci\u00f3n en categor\u00edas<\/li>\n                        \n                    <\/ul><!--\/.check-list-->\n                                    <\/div><!--\/.list-block__col-->\n            <\/div><!--\/.list-block__wrap-->\n            \n        <\/div><!--\/.list-block__row-->\n        \n    <\/div><!--\/.container-->\n<\/section>\n\n<section id=\"\" class=\"block text-image-columns bg-light-grey \">\n    <div class=\"container\">\n        <div class=\"row img-right\">\n\n            <div class=\"text-col col-12 col-md-6 d-flex flex-wrap justify-content-center align-items-center\">\n\n                                <div class=\"editor-content\">\n                    <h2>Gather supporting evidence<\/h2>\n<p>Photographs and video of mobile devices and their content add a valuable<br \/>\nlevel of credibility to digital evidence presented in investigations and<br \/>\ntrials.<\/p>\n<p>XRY Camera makes it easy for forensic examiners and investigators<br \/>\nto capture those images and video and use them in their reports.<\/p>\n<p><a class=\"btn btn-primary\" href=\"https:\/\/www.msab.customer03.tgen.se\/es\/contact\/\">Request a quote<\/a><\/p>\n                <\/div><!--\/.editor-content-->\n                \n            <\/div><!--\/.text-col-->\n\n            <div class=\"img-col col-12 col-md-6 d-flex flex-wrap justify-content-center align-items-center\">\n                \n                                <div class=\"img-wrap grad\">\n                    <img decoding=\"async\" width=\"737\" height=\"733\" src=\"https:\/\/www.msab.customer03.tgen.se\/wp-content\/uploads\/2021\/08\/XRY_alt_AS_Lab_Visual_Crop-2.jpg\" class=\"attachment-full size-full\" alt=\"XRY Camera in use\" srcset=\"https:\/\/www.msab.customer03.tgen.se\/wp-content\/uploads\/2021\/08\/XRY_alt_AS_Lab_Visual_Crop-2.jpg 737w, https:\/\/www.msab.customer03.tgen.se\/wp-content\/uploads\/2021\/08\/XRY_alt_AS_Lab_Visual_Crop-2-300x298.jpg 300w, https:\/\/www.msab.customer03.tgen.se\/wp-content\/uploads\/2021\/08\/XRY_alt_AS_Lab_Visual_Crop-2-150x150.jpg 150w, https:\/\/www.msab.customer03.tgen.se\/wp-content\/uploads\/2021\/08\/XRY_alt_AS_Lab_Visual_Crop-2-33x33.jpg 33w, https:\/\/www.msab.customer03.tgen.se\/wp-content\/uploads\/2021\/08\/XRY_alt_AS_Lab_Visual_Crop-2-102x101.jpg 102w, https:\/\/www.msab.customer03.tgen.se\/wp-content\/uploads\/2021\/08\/XRY_alt_AS_Lab_Visual_Crop-2-106x106.jpg 106w, https:\/\/www.msab.customer03.tgen.se\/wp-content\/uploads\/2021\/08\/XRY_alt_AS_Lab_Visual_Crop-2-500x497.jpg 500w\" sizes=\"(max-width: 737px) 100vw, 737px\" \/>                <\/div><!--\/.img-wrap-->\n                \n            <\/div><!--\/.img-col-->\n\n        <\/div><!--\/.row-->\n    <\/div><!--\/.container-->\n<\/section>\n\n\n<section id=\"\" class=\"block two-cards bg-blue-gradient \">\n    <div class=\"container\">\n                <div class=\"two-cards__row d-flex\">\n                        <div class=\"two-cards__card-wrap\">\n\n                <div class=\"two-cards__card\">\n                                        <div class=\"two-cards__card--image-wrap\">\n                        <img decoding=\"async\" width=\"2560\" height=\"1707\" src=\"https:\/\/www.msab.customer03.tgen.se\/wp-content\/uploads\/2021\/10\/MSAB_Training_3_Icon-scaled.jpg\" class=\"attachment-full size-full\" alt=\"\" srcset=\"https:\/\/www.msab.customer03.tgen.se\/wp-content\/uploads\/2021\/10\/MSAB_Training_3_Icon-scaled.jpg 2560w, https:\/\/www.msab.customer03.tgen.se\/wp-content\/uploads\/2021\/10\/MSAB_Training_3_Icon-300x200.jpg 300w, https:\/\/www.msab.customer03.tgen.se\/wp-content\/uploads\/2021\/10\/MSAB_Training_3_Icon-1024x683.jpg 1024w, https:\/\/www.msab.customer03.tgen.se\/wp-content\/uploads\/2021\/10\/MSAB_Training_3_Icon-768x512.jpg 768w, https:\/\/www.msab.customer03.tgen.se\/wp-content\/uploads\/2021\/10\/MSAB_Training_3_Icon-1536x1024.jpg 1536w, https:\/\/www.msab.customer03.tgen.se\/wp-content\/uploads\/2021\/10\/MSAB_Training_3_Icon-2048x1365.jpg 2048w, https:\/\/www.msab.customer03.tgen.se\/wp-content\/uploads\/2021\/10\/MSAB_Training_3_Icon-33x22.jpg 33w, https:\/\/www.msab.customer03.tgen.se\/wp-content\/uploads\/2021\/10\/MSAB_Training_3_Icon-102x68.jpg 102w, https:\/\/www.msab.customer03.tgen.se\/wp-content\/uploads\/2021\/10\/MSAB_Training_3_Icon-1240x827.jpg 1240w, https:\/\/www.msab.customer03.tgen.se\/wp-content\/uploads\/2021\/10\/MSAB_Training_3_Icon-500x333.jpg 500w\" sizes=\"(max-width: 2560px) 100vw, 2560px\" \/>                    <\/div><!--\/.two-cards__card--image-wrap-->\n                                        <div class=\"two-cards__card--content-wrap editor-content bg-white\">\n                                                <h4 class=\"two-cards__card--title\">La mejor formaci\u00f3n en clase para nuestros usuarios<\/h4>\n                                                <p class=\"two-cards__card--intro\">Proporcionamos la formaci\u00f3n m\u00e1s avanzada en la industria con formadores espec\u00edficos a tiempo completo disponibles en todo el mundo para impartir formaci\u00f3n, ya sea en nuestros cursos abiertos anunciados en nuestro sitio web o en la formaci\u00f3n en su establecimiento solo para usted.<\/p>\n                                                <p class=\"two-cards__card--link\"><a href=\"https:\/\/www.msab.customer03.tgen.se\/es\/training-overview\/\" title=\"Reserva de formaci\u00f3n\"  >Reserva de formaci\u00f3n<\/a><\/p>\n                                            <\/div><!--\/.two-cards__card--content-wrap-->\n                <\/div><!--\/.two-cards__card-->\n\n            <\/div><!--\/.two-cards__card-wrap-->\n                        <div class=\"two-cards__card-wrap\">\n\n                <div class=\"two-cards__card\">\n                                        <div class=\"two-cards__card--image-wrap\">\n                        <img decoding=\"async\" width=\"600\" height=\"400\" src=\"https:\/\/www.msab.customer03.tgen.se\/wp-content\/uploads\/2025\/01\/MSAB_Kiosk_Selection_Block_Frontline_2-1.jpg\" class=\"attachment-full size-full\" alt=\"\" srcset=\"https:\/\/www.msab.customer03.tgen.se\/wp-content\/uploads\/2025\/01\/MSAB_Kiosk_Selection_Block_Frontline_2-1.jpg 600w, https:\/\/www.msab.customer03.tgen.se\/wp-content\/uploads\/2025\/01\/MSAB_Kiosk_Selection_Block_Frontline_2-1-300x200.jpg 300w, https:\/\/www.msab.customer03.tgen.se\/wp-content\/uploads\/2025\/01\/MSAB_Kiosk_Selection_Block_Frontline_2-1-33x22.jpg 33w, https:\/\/www.msab.customer03.tgen.se\/wp-content\/uploads\/2025\/01\/MSAB_Kiosk_Selection_Block_Frontline_2-1-102x68.jpg 102w, https:\/\/www.msab.customer03.tgen.se\/wp-content\/uploads\/2025\/01\/MSAB_Kiosk_Selection_Block_Frontline_2-1-500x333.jpg 500w\" sizes=\"(max-width: 600px) 100vw, 600px\" \/>                    <\/div><!--\/.two-cards__card--image-wrap-->\n                                        <div class=\"two-cards__card--content-wrap editor-content bg-white\">\n                                                <h4 class=\"two-cards__card--title\">Combine XRY con nuestras plataformas<\/h4>\n                                                <p class=\"two-cards__card--intro\">MSAB suministra software en diferentes plataformas de hardware. Las plataformas abiertas est\u00e1n dise\u00f1adas para ordenadores tradicionales de Windows con interfaces de apuntar y hacer clic. Nuestras plataformas llave en mano son sistemas m\u00e1s f\u00e1ciles de usar a trav\u00e9s de interfaces de pantalla t\u00e1ctil.<\/p>\n                                                <p class=\"two-cards__card--link\"><a href=\"https:\/\/www.msab.customer03.tgen.se\/es\/products\/platforms\/\" title=\"Plataformas de hardware\"  >Plataformas de hardware<\/a><\/p>\n                                            <\/div><!--\/.two-cards__card--content-wrap-->\n                <\/div><!--\/.two-cards__card-->\n\n            <\/div><!--\/.two-cards__card-wrap-->\n                    <\/div><!--\/.two-cards__row-->\n            <\/div><!--\/.container-->\n<\/section>\n\n\n    <style>\n                    #block_61435e923d04a {\n                background-image: url(https:\/\/www.msab.customer03.tgen.se\/wp-content\/uploads\/2021\/08\/Frontline_MSAB_Field_Phone_Extraction_BG-1.jpg);\n            }\n                    <\/style>\n\n<section id=\"block_61435e923d04a\" class=\"block cta-with-bg-img text-white left-layout bg-overlay \">\n    <div class=\"container\" id=\"\">\n                    <div class=\"text-wrapper\">\n                <h2>Solicitar presupuesto<\/h2>\n<p style=\"text-align: left;\">Cont\u00e1ctenos y solicite un presupuesto o h\u00e1ganos saber si est\u00e1 interesado en evaluar uno de nuestros productos.<\/p>\n<p style=\"text-align: left;\"><span style=\"color: #000000;\"><a class=\"btn btn-primary\" style=\"color: #000000;\" href=\"#form-152233\">Contactar con ventas<\/a><\/span><\/p>\n            <\/div>\n            <\/div><!--\/container-->\n<\/section>","protected":false},"excerpt":{"rendered":"","protected":false},"author":106,"featured_media":0,"parent":5243,"menu_order":0,"template":"","class_list":["post-4981","product","type-product","status-publish","hentry"],"acf":[],"yoast_head":"<!-- This site is optimized with the Yoast SEO Premium plugin v25.0 (Yoast SEO v27.4) - https:\/\/yoast.com\/product\/yoast-seo-premium-wordpress\/ -->\n<title>XRY Camera - MSAB<\/title>\n<meta name=\"robots\" content=\"noindex, follow, max-snippet:-1, max-image-preview:large, max-video-preview:-1\" \/>\n<meta property=\"og:locale\" content=\"es_ES\" \/>\n<meta property=\"og:type\" content=\"article\" \/>\n<meta property=\"og:title\" content=\"XRY Camera\" \/>\n<meta property=\"og:url\" content=\"https:\/\/www.msab.customer03.tgen.se\/es\/productos\/xry-extract\/xry-camera\/\" \/>\n<meta property=\"og:site_name\" content=\"MSAB\" \/>\n<meta property=\"article:publisher\" content=\"https:\/\/www.facebook.com\/microsystemation\" \/>\n<meta property=\"article:modified_time\" content=\"2025-03-19T07:39:58+00:00\" \/>\n<meta name=\"twitter:card\" content=\"summary_large_image\" \/>\n<meta name=\"twitter:site\" content=\"@MSAB_XRY\" \/>\n<meta name=\"twitter:label1\" content=\"Tiempo de lectura\" \/>\n\t<meta name=\"twitter:data1\" content=\"1 minuto\" \/>\n<script type=\"application\/ld+json\" class=\"yoast-schema-graph\">{\"@context\":\"https:\\\/\\\/schema.org\",\"@graph\":[{\"@type\":\"WebPage\",\"@id\":\"https:\\\/\\\/www.msab.customer03.tgen.se\\\/es\\\/productos\\\/xry-extract\\\/xry-camera\\\/\",\"url\":\"https:\\\/\\\/www.msab.customer03.tgen.se\\\/es\\\/productos\\\/xry-extract\\\/xry-camera\\\/\",\"name\":\"XRY Camera - MSAB\",\"isPartOf\":{\"@id\":\"https:\\\/\\\/www.msab.customer03.tgen.se\\\/es\\\/#website\"},\"datePublished\":\"2021-10-11T14:30:27+00:00\",\"dateModified\":\"2025-03-19T07:39:58+00:00\",\"breadcrumb\":{\"@id\":\"https:\\\/\\\/www.msab.customer03.tgen.se\\\/es\\\/productos\\\/xry-extract\\\/xry-camera\\\/#breadcrumb\"},\"inLanguage\":\"es\",\"potentialAction\":[{\"@type\":\"ReadAction\",\"target\":[\"https:\\\/\\\/www.msab.customer03.tgen.se\\\/es\\\/productos\\\/xry-extract\\\/xry-camera\\\/\"]}]},{\"@type\":\"BreadcrumbList\",\"@id\":\"https:\\\/\\\/www.msab.customer03.tgen.se\\\/es\\\/productos\\\/xry-extract\\\/xry-camera\\\/#breadcrumb\",\"itemListElement\":[{\"@type\":\"ListItem\",\"position\":1,\"name\":\"\",\"item\":\"https:\\\/\\\/www.msab.customer03.tgen.se\\\/es\\\/\"},{\"@type\":\"ListItem\",\"position\":2,\"name\":\"MSAB Extract &#8211; XRY\",\"item\":\"https:\\\/\\\/www.msab.customer03.tgen.se\\\/es\\\/productos\\\/xry-extract\\\/\"},{\"@type\":\"ListItem\",\"position\":3,\"name\":\"XRY Camera\"}]},{\"@type\":\"WebSite\",\"@id\":\"https:\\\/\\\/www.msab.customer03.tgen.se\\\/es\\\/#website\",\"url\":\"https:\\\/\\\/www.msab.customer03.tgen.se\\\/es\\\/\",\"name\":\"MSAB\",\"description\":\"Trusted Partner in Digital Forensics\",\"publisher\":{\"@id\":\"https:\\\/\\\/www.msab.customer03.tgen.se\\\/es\\\/#organization\"},\"potentialAction\":[{\"@type\":\"SearchAction\",\"target\":{\"@type\":\"EntryPoint\",\"urlTemplate\":\"https:\\\/\\\/www.msab.customer03.tgen.se\\\/es\\\/?s={search_term_string}\"},\"query-input\":{\"@type\":\"PropertyValueSpecification\",\"valueRequired\":true,\"valueName\":\"search_term_string\"}}],\"inLanguage\":\"es\"},{\"@type\":\"Organization\",\"@id\":\"https:\\\/\\\/www.msab.customer03.tgen.se\\\/es\\\/#organization\",\"name\":\"MSAB\",\"url\":\"https:\\\/\\\/www.msab.customer03.tgen.se\\\/es\\\/\",\"logo\":{\"@type\":\"ImageObject\",\"inLanguage\":\"es\",\"@id\":\"https:\\\/\\\/www.msab.customer03.tgen.se\\\/es\\\/#\\\/schema\\\/logo\\\/image\\\/\",\"url\":\"https:\\\/\\\/www.msab.customer03.tgen.se\\\/wp-content\\\/uploads\\\/2023\\\/03\\\/MSAB-logo-Black-RGB.png\",\"contentUrl\":\"https:\\\/\\\/www.msab.customer03.tgen.se\\\/wp-content\\\/uploads\\\/2023\\\/03\\\/MSAB-logo-Black-RGB.png\",\"width\":1198,\"height\":353,\"caption\":\"MSAB\"},\"image\":{\"@id\":\"https:\\\/\\\/www.msab.customer03.tgen.se\\\/es\\\/#\\\/schema\\\/logo\\\/image\\\/\"},\"sameAs\":[\"https:\\\/\\\/www.facebook.com\\\/microsystemation\",\"https:\\\/\\\/x.com\\\/MSAB_XRY\",\"https:\\\/\\\/www.linkedin.com\\\/company\\\/micro-systemation\"]}]}<\/script>\n<!-- \/ Yoast SEO Premium plugin. -->","yoast_head_json":{"title":"XRY Camera - MSAB","robots":{"index":"noindex","follow":"follow","max-snippet":"max-snippet:-1","max-image-preview":"max-image-preview:large","max-video-preview":"max-video-preview:-1"},"og_locale":"es_ES","og_type":"article","og_title":"XRY Camera","og_url":"https:\/\/www.msab.customer03.tgen.se\/es\/productos\/xry-extract\/xry-camera\/","og_site_name":"MSAB","article_publisher":"https:\/\/www.facebook.com\/microsystemation","article_modified_time":"2025-03-19T07:39:58+00:00","twitter_card":"summary_large_image","twitter_site":"@MSAB_XRY","twitter_misc":{"Tiempo de lectura":"1 minuto"},"schema":{"@context":"https:\/\/schema.org","@graph":[{"@type":"WebPage","@id":"https:\/\/www.msab.customer03.tgen.se\/es\/productos\/xry-extract\/xry-camera\/","url":"https:\/\/www.msab.customer03.tgen.se\/es\/productos\/xry-extract\/xry-camera\/","name":"XRY Camera - MSAB","isPartOf":{"@id":"https:\/\/www.msab.customer03.tgen.se\/es\/#website"},"datePublished":"2021-10-11T14:30:27+00:00","dateModified":"2025-03-19T07:39:58+00:00","breadcrumb":{"@id":"https:\/\/www.msab.customer03.tgen.se\/es\/productos\/xry-extract\/xry-camera\/#breadcrumb"},"inLanguage":"es","potentialAction":[{"@type":"ReadAction","target":["https:\/\/www.msab.customer03.tgen.se\/es\/productos\/xry-extract\/xry-camera\/"]}]},{"@type":"BreadcrumbList","@id":"https:\/\/www.msab.customer03.tgen.se\/es\/productos\/xry-extract\/xry-camera\/#breadcrumb","itemListElement":[{"@type":"ListItem","position":1,"name":"","item":"https:\/\/www.msab.customer03.tgen.se\/es\/"},{"@type":"ListItem","position":2,"name":"MSAB Extract &#8211; XRY","item":"https:\/\/www.msab.customer03.tgen.se\/es\/productos\/xry-extract\/"},{"@type":"ListItem","position":3,"name":"XRY Camera"}]},{"@type":"WebSite","@id":"https:\/\/www.msab.customer03.tgen.se\/es\/#website","url":"https:\/\/www.msab.customer03.tgen.se\/es\/","name":"MSAB","description":"Trusted Partner in Digital Forensics","publisher":{"@id":"https:\/\/www.msab.customer03.tgen.se\/es\/#organization"},"potentialAction":[{"@type":"SearchAction","target":{"@type":"EntryPoint","urlTemplate":"https:\/\/www.msab.customer03.tgen.se\/es\/?s={search_term_string}"},"query-input":{"@type":"PropertyValueSpecification","valueRequired":true,"valueName":"search_term_string"}}],"inLanguage":"es"},{"@type":"Organization","@id":"https:\/\/www.msab.customer03.tgen.se\/es\/#organization","name":"MSAB","url":"https:\/\/www.msab.customer03.tgen.se\/es\/","logo":{"@type":"ImageObject","inLanguage":"es","@id":"https:\/\/www.msab.customer03.tgen.se\/es\/#\/schema\/logo\/image\/","url":"https:\/\/www.msab.customer03.tgen.se\/wp-content\/uploads\/2023\/03\/MSAB-logo-Black-RGB.png","contentUrl":"https:\/\/www.msab.customer03.tgen.se\/wp-content\/uploads\/2023\/03\/MSAB-logo-Black-RGB.png","width":1198,"height":353,"caption":"MSAB"},"image":{"@id":"https:\/\/www.msab.customer03.tgen.se\/es\/#\/schema\/logo\/image\/"},"sameAs":["https:\/\/www.facebook.com\/microsystemation","https:\/\/x.com\/MSAB_XRY","https:\/\/www.linkedin.com\/company\/micro-systemation"]}]}},"_links":{"self":[{"href":"https:\/\/www.msab.customer03.tgen.se\/es\/wp-json\/wp\/v2\/product\/4981","targetHints":{"allow":["GET"]}}],"collection":[{"href":"https:\/\/www.msab.customer03.tgen.se\/es\/wp-json\/wp\/v2\/product"}],"about":[{"href":"https:\/\/www.msab.customer03.tgen.se\/es\/wp-json\/wp\/v2\/types\/product"}],"author":[{"embeddable":true,"href":"https:\/\/www.msab.customer03.tgen.se\/es\/wp-json\/wp\/v2\/users\/106"}],"up":[{"embeddable":true,"href":"https:\/\/www.msab.customer03.tgen.se\/es\/wp-json\/wp\/v2\/product\/5243"}],"wp:attachment":[{"href":"https:\/\/www.msab.customer03.tgen.se\/es\/wp-json\/wp\/v2\/media?parent=4981"}],"curies":[{"name":"wp","href":"https:\/\/api.w.org\/{rel}","templated":true}]}}