{"id":5871,"date":"2021-10-18T12:33:02","date_gmt":"2021-10-18T10:33:02","guid":{"rendered":"http:\/\/www.msab.com\/?post_type=product&#038;p=5871"},"modified":"2023-11-27T15:05:18","modified_gmt":"2023-11-27T14:05:18","slug":"xry-photon","status":"publish","type":"product","link":"https:\/\/www.msab.customer03.tgen.se\/de\/product\/xry-extract\/xry-photon\/","title":{"rendered":"XRY &#8211; Photon"},"content":{"rendered":"\n<section id=\"\" class=\"block product-hero  \">\n    <div class=\"bg-image\">\n        <div class=\"img\" style=\"background-image: url(https:\/\/www.msab.customer03.tgen.se\/wp-content\/uploads\/2023\/03\/XRY_Hero_Test_2.jpg);\"><\/div>\n    <\/div>\n    <div class=\"container\">\n\n        <div class=\"text-wrapper text-white text-center\">\n\n            <img decoding=\"async\" width=\"204\" height=\"133\" src=\"https:\/\/www.msab.customer03.tgen.se\/wp-content\/uploads\/2021\/08\/XRY_Photon_Logo_White.png\" class=\"product-logo\" alt=\"\" srcset=\"https:\/\/www.msab.customer03.tgen.se\/wp-content\/uploads\/2021\/08\/XRY_Photon_Logo_White.png 204w, https:\/\/www.msab.customer03.tgen.se\/wp-content\/uploads\/2021\/08\/XRY_Photon_Logo_White-33x22.png 33w, https:\/\/www.msab.customer03.tgen.se\/wp-content\/uploads\/2021\/08\/XRY_Photon_Logo_White-102x67.png 102w\" sizes=\"(max-width: 204px) 100vw, 204px\" \/>\n            <p class=\"intro\">Gewinnung von Android-App-Daten, wo andere Tools versagen<\/p>\n        <\/div><!--\/text-wrapper-->\n        <div class=\"breadcrumb-part dark\"><nav id=\"breadcrumbs\" class=\"bread-nav\"><span><span><a href=\"https:\/\/www.msab.customer03.tgen.se\/de\/\"><i class=\"fas fa-home\"><\/i><\/a><\/span><\/span><\/nav><\/div>    <\/div><!--\/container-->\n<\/section>\n\n\n\n<section id=\"\" class=\"block regular-content   pt-regular pb-regular bg-light-grey\">\n    <div class=\"container two-columns\">\n                    <div class=\"editor-content\">\n                <h2>Was ist XRY Photon?<\/h2>\n<p>Da App-Versionen und Sicherheitsprotokolle st\u00e4ndig verbessert werden, k\u00f6nnen mobile Extraktionstools m\u00f6glicherweise entschl\u00fcsselte App-Daten nicht extrahieren. Bisher mussten Pr\u00fcfer zeitaufw\u00e4ndige manuelle Prozesse wie die Verwendung einer Kamera zum Erfassen, \u00dcberpr\u00fcfen und Pr\u00e4sentieren von App-Daten anwenden.<\/p>\n<p>XRY Photon ist wie eine automatisierte Version der manuellen App-Pr\u00fcfung f\u00fcr Android-Ger\u00e4te, mit dem zus\u00e4tzlichen Vorteil, dass die dokumentierten Daten auf durchsuchbare Weise gespeichert werden, wodurch Textsuche, Filterung und andere Arten von Analysen m\u00f6glich werden.<\/p>\n<p><a class=\"btn btn-primary\" href=\"https:\/\/www.msab.customer03.tgen.se\/de\/contact\/\">Kontakt<\/a><\/p>\n            <\/div><!--\/.editor-content-->\n                            <div class=\"editor-content\">\n                <p><img decoding=\"async\" class=\"alignnone size-full wp-image-154179\" src=\"https:\/\/www.msab.customer03.tgen.se\/wp-content\/uploads\/2021\/08\/XRY_Photon_Screenshot.png\" alt=\"\" width=\"800\" srcset=\"https:\/\/www.msab.customer03.tgen.se\/wp-content\/uploads\/2021\/08\/XRY_Photon_Screenshot.png 800w, https:\/\/www.msab.customer03.tgen.se\/wp-content\/uploads\/2021\/08\/XRY_Photon_Screenshot-300x169.png 300w, https:\/\/www.msab.customer03.tgen.se\/wp-content\/uploads\/2021\/08\/XRY_Photon_Screenshot-768x432.png 768w, https:\/\/www.msab.customer03.tgen.se\/wp-content\/uploads\/2021\/08\/XRY_Photon_Screenshot-33x19.png 33w, https:\/\/www.msab.customer03.tgen.se\/wp-content\/uploads\/2021\/08\/XRY_Photon_Screenshot-102x57.png 102w, https:\/\/www.msab.customer03.tgen.se\/wp-content\/uploads\/2021\/08\/XRY_Photon_Screenshot-500x281.png 500w\" sizes=\"(max-width: 800px) 100vw, 800px\" \/><\/p>\n            <\/div><!--\/.editor-content-->\n            <\/div><!--\/.container-->\n<\/section><!--\/.regular-content-->\n\n\n    <style>\n                    #block_99a7ba43f2e3446f5078107d14f974aa {\n                background-image: url(https:\/\/www.msab.customer03.tgen.se\/wp-content\/uploads\/2021\/08\/Gradient.png);\n            }\n                            @media (max-width: 576px) {\n                #block_99a7ba43f2e3446f5078107d14f974aa {\n                    background-image: url(https:\/\/www.msab.customer03.tgen.se\/wp-content\/uploads\/2021\/08\/Gradient.png);\n                }\n            }\n            <\/style>\n\n<section id=\"block_99a7ba43f2e3446f5078107d14f974aa\" class=\"block cta-with-bg-img text-white centered-layout \">\n    <div class=\"container\" id=\"\">\n                    <div class=\"text-wrapper\">\n                <h3>Photon ist in unserem Produkt <a style=\"color: #ffffff;\" href=\"https:\/\/www.msab.customer03.tgen.se\/de\/product\/xry-extract\/xry-logical\/\">XRY Logical<\/a>\u00a0enthalten und erfordert keine separate Lizenz.<\/h3>\n            <\/div>\n            <\/div><!--\/container-->\n<\/section>\n\n\n<section id=\"\" class=\"block two-cards bg-grey \">\n    <div class=\"container\">\n                <div class=\"two-cards__row d-flex\">\n                        <div class=\"two-cards__card-wrap\">\n\n                <div class=\"two-cards__card\">\n                                        <div class=\"two-cards__card--image-wrap\">\n                        <img decoding=\"async\" width=\"800\" height=\"450\" src=\"https:\/\/www.msab.customer03.tgen.se\/wp-content\/uploads\/2021\/08\/XRY_Photon_Automatic.png\" class=\"attachment-full size-full\" alt=\"XRY Photon Automatic Mode\" srcset=\"https:\/\/www.msab.customer03.tgen.se\/wp-content\/uploads\/2021\/08\/XRY_Photon_Automatic.png 800w, https:\/\/www.msab.customer03.tgen.se\/wp-content\/uploads\/2021\/08\/XRY_Photon_Automatic-300x169.png 300w, https:\/\/www.msab.customer03.tgen.se\/wp-content\/uploads\/2021\/08\/XRY_Photon_Automatic-768x432.png 768w, https:\/\/www.msab.customer03.tgen.se\/wp-content\/uploads\/2021\/08\/XRY_Photon_Automatic-33x19.png 33w, https:\/\/www.msab.customer03.tgen.se\/wp-content\/uploads\/2021\/08\/XRY_Photon_Automatic-102x57.png 102w, https:\/\/www.msab.customer03.tgen.se\/wp-content\/uploads\/2021\/08\/XRY_Photon_Automatic-500x281.png 500w\" sizes=\"(max-width: 800px) 100vw, 800px\" \/>                    <\/div><!--\/.two-cards__card--image-wrap-->\n                                        <div class=\"two-cards__card--content-wrap editor-content bg-white\">\n                                                <h4 class=\"two-cards__card--title\">Automatischer Modus<\/h4>\n                                                <p class=\"two-cards__card--intro\">Der automatische Modus ist auf die Struktur der unterst\u00fctzten Apps zugeschnitten, sodass nur wenig Benutzerinteraktion erforderlich ist.\r\nDie derzeit automatisch unterst\u00fctzen Apps umfassen: WhatsApp, WhatsApp Business, Signal &#038; Telegram.\r\n\r\nBei Verwendung des automatischen Modus kann ein \u201eSchnellmodus\u201c gew\u00e4hlt werden, der bis zu 25-mal schneller ist. Im Schnellmodus liest XRY Photon nur Text aus und speichert keine Screenshots. Beispielsweise kann XRY Photon im Schnellmodus verwendet werden, um 250.000 WhatsApp-Nachrichten in 2 Stunden und 39 Minuten zu erfassen.\r\n<\/p>\n                                            <\/div><!--\/.two-cards__card--content-wrap-->\n                <\/div><!--\/.two-cards__card-->\n\n            <\/div><!--\/.two-cards__card-wrap-->\n                        <div class=\"two-cards__card-wrap\">\n\n                <div class=\"two-cards__card\">\n                                        <div class=\"two-cards__card--image-wrap\">\n                        <img decoding=\"async\" width=\"800\" height=\"450\" src=\"https:\/\/www.msab.customer03.tgen.se\/wp-content\/uploads\/2021\/08\/XRY_Photon_Generic.png\" class=\"attachment-full size-full\" alt=\"\" srcset=\"https:\/\/www.msab.customer03.tgen.se\/wp-content\/uploads\/2021\/08\/XRY_Photon_Generic.png 800w, https:\/\/www.msab.customer03.tgen.se\/wp-content\/uploads\/2021\/08\/XRY_Photon_Generic-300x169.png 300w, https:\/\/www.msab.customer03.tgen.se\/wp-content\/uploads\/2021\/08\/XRY_Photon_Generic-768x432.png 768w, https:\/\/www.msab.customer03.tgen.se\/wp-content\/uploads\/2021\/08\/XRY_Photon_Generic-33x19.png 33w, https:\/\/www.msab.customer03.tgen.se\/wp-content\/uploads\/2021\/08\/XRY_Photon_Generic-102x57.png 102w, https:\/\/www.msab.customer03.tgen.se\/wp-content\/uploads\/2021\/08\/XRY_Photon_Generic-500x281.png 500w\" sizes=\"(max-width: 800px) 100vw, 800px\" \/>                    <\/div><!--\/.two-cards__card--image-wrap-->\n                                        <div class=\"two-cards__card--content-wrap editor-content bg-white\">\n                                                <h4 class=\"two-cards__card--title\">Generisch Modus<\/h4>\n                                                <p class=\"two-cards__card--intro\">Der generisch Modus erfordert mehr Benutzerinteraktion, unterst\u00fctzt jedoch das Auslesen praktisch aller Apps, die die Erstellung von Screenshots erm\u00f6glichen. Ein optimaler Anwendungsfall liegt vor, wenn die zu untersuchende App von keinem anderen forensischen Tool unterst\u00fctzt wird, und es unbedingt erforderlich ist, die Daten forensisch zu erfassen und nach wichtigen Beweisen zu durchsuchen. Mit dem generisch Modus von XRY Photon sind Ermittler in der Lage, nahezu jede App auf der Android-Plattform forensisch wiederherzustellen.<\/p>\n                                            <\/div><!--\/.two-cards__card--content-wrap-->\n                <\/div><!--\/.two-cards__card-->\n\n            <\/div><!--\/.two-cards__card-wrap-->\n                    <\/div><!--\/.two-cards__row-->\n            <\/div><!--\/.container-->\n<\/section>\n\n\n    <style>\n                    #block_61435e923d04a {\n                background-image: url(https:\/\/www.msab.customer03.tgen.se\/wp-content\/uploads\/2021\/08\/Frontline_MSAB_Field_Phone_Extraction_BG-1.jpg);\n            }\n                    <\/style>\n\n<section id=\"block_61435e923d04a\" class=\"block cta-with-bg-img text-white left-layout bg-overlay \">\n    <div class=\"container\" id=\"\">\n                    <div class=\"text-wrapper\">\n                <h2>Kostenvoranschlag anfordern<\/h2>\n<p style=\"text-align: left;\">Wenn Sie einen Kostenvoranschlag anfordern oder eines unserer Produkte testen wollen, nehmen Sie gerne Kontakt mit uns auf.<\/p>\n<p style=\"text-align: left;\"><span style=\"color: #000000;\"><a class=\"btn btn-primary\" style=\"color: #000000;\" href=\"#form-166554\"><span class=\"VIiyi\" lang=\"de\"><span class=\"JLqJ4b ChMk0b\" data-language-for-alternatives=\"de\" data-language-to-translate-into=\"en\" data-phrase-index=\"0\" data-number-of-phrases=\"1\">Kontaktiere uns<\/span><\/span> <\/a><\/span><\/p>\n            <\/div>\n            <\/div><!--\/container-->\n<\/section>","protected":false},"excerpt":{"rendered":"","protected":false},"author":106,"featured_media":0,"parent":5868,"menu_order":0,"template":"","class_list":["post-5871","product","type-product","status-publish","hentry"],"acf":[],"yoast_head":"<!-- This site is optimized with the Yoast SEO Premium plugin v25.0 (Yoast SEO v27.4) - https:\/\/yoast.com\/product\/yoast-seo-premium-wordpress\/ -->\n<title>XRY - Photon - MSAB<\/title>\n<meta name=\"robots\" content=\"noindex, follow, max-snippet:-1, max-image-preview:large, max-video-preview:-1\" \/>\n<meta property=\"og:locale\" content=\"de_DE\" \/>\n<meta property=\"og:type\" content=\"article\" \/>\n<meta property=\"og:title\" content=\"XRY - Photon\" \/>\n<meta property=\"og:url\" content=\"https:\/\/www.msab.customer03.tgen.se\/de\/product\/xry-extract\/xry-photon\/\" \/>\n<meta property=\"og:site_name\" content=\"MSAB\" \/>\n<meta property=\"article:publisher\" content=\"https:\/\/www.facebook.com\/microsystemation\" \/>\n<meta property=\"article:modified_time\" content=\"2023-11-27T14:05:18+00:00\" \/>\n<meta name=\"twitter:card\" content=\"summary_large_image\" \/>\n<meta name=\"twitter:site\" content=\"@MSAB_XRY\" \/>\n<script type=\"application\/ld+json\" class=\"yoast-schema-graph\">{\"@context\":\"https:\\\/\\\/schema.org\",\"@graph\":[{\"@type\":\"WebPage\",\"@id\":\"https:\\\/\\\/www.msab.customer03.tgen.se\\\/de\\\/product\\\/xry-extract\\\/xry-photon\\\/\",\"url\":\"https:\\\/\\\/www.msab.customer03.tgen.se\\\/de\\\/product\\\/xry-extract\\\/xry-photon\\\/\",\"name\":\"XRY - Photon - MSAB\",\"isPartOf\":{\"@id\":\"https:\\\/\\\/www.msab.customer03.tgen.se\\\/de\\\/#website\"},\"datePublished\":\"2021-10-18T10:33:02+00:00\",\"dateModified\":\"2023-11-27T14:05:18+00:00\",\"breadcrumb\":{\"@id\":\"https:\\\/\\\/www.msab.customer03.tgen.se\\\/de\\\/product\\\/xry-extract\\\/xry-photon\\\/#breadcrumb\"},\"inLanguage\":\"de\",\"potentialAction\":[{\"@type\":\"ReadAction\",\"target\":[\"https:\\\/\\\/www.msab.customer03.tgen.se\\\/de\\\/product\\\/xry-extract\\\/xry-photon\\\/\"]}]},{\"@type\":\"BreadcrumbList\",\"@id\":\"https:\\\/\\\/www.msab.customer03.tgen.se\\\/de\\\/product\\\/xry-extract\\\/xry-photon\\\/#breadcrumb\",\"itemListElement\":[{\"@type\":\"ListItem\",\"position\":1,\"name\":\"\",\"item\":\"https:\\\/\\\/www.msab.customer03.tgen.se\\\/de\\\/\"},{\"@type\":\"ListItem\",\"position\":2,\"name\":\"XRY &#8211; Extract\",\"item\":\"https:\\\/\\\/www.msab.customer03.tgen.se\\\/de\\\/product\\\/xry-extract\\\/\"},{\"@type\":\"ListItem\",\"position\":3,\"name\":\"XRY &#8211; Photon\"}]},{\"@type\":\"WebSite\",\"@id\":\"https:\\\/\\\/www.msab.customer03.tgen.se\\\/de\\\/#website\",\"url\":\"https:\\\/\\\/www.msab.customer03.tgen.se\\\/de\\\/\",\"name\":\"MSAB\",\"description\":\"Trusted Partner in Digital Forensics\",\"publisher\":{\"@id\":\"https:\\\/\\\/www.msab.customer03.tgen.se\\\/de\\\/#organization\"},\"potentialAction\":[{\"@type\":\"SearchAction\",\"target\":{\"@type\":\"EntryPoint\",\"urlTemplate\":\"https:\\\/\\\/www.msab.customer03.tgen.se\\\/de\\\/?s={search_term_string}\"},\"query-input\":{\"@type\":\"PropertyValueSpecification\",\"valueRequired\":true,\"valueName\":\"search_term_string\"}}],\"inLanguage\":\"de\"},{\"@type\":\"Organization\",\"@id\":\"https:\\\/\\\/www.msab.customer03.tgen.se\\\/de\\\/#organization\",\"name\":\"MSAB\",\"url\":\"https:\\\/\\\/www.msab.customer03.tgen.se\\\/de\\\/\",\"logo\":{\"@type\":\"ImageObject\",\"inLanguage\":\"de\",\"@id\":\"https:\\\/\\\/www.msab.customer03.tgen.se\\\/de\\\/#\\\/schema\\\/logo\\\/image\\\/\",\"url\":\"https:\\\/\\\/www.msab.customer03.tgen.se\\\/wp-content\\\/uploads\\\/2023\\\/03\\\/MSAB-logo-Black-RGB.png\",\"contentUrl\":\"https:\\\/\\\/www.msab.customer03.tgen.se\\\/wp-content\\\/uploads\\\/2023\\\/03\\\/MSAB-logo-Black-RGB.png\",\"width\":1198,\"height\":353,\"caption\":\"MSAB\"},\"image\":{\"@id\":\"https:\\\/\\\/www.msab.customer03.tgen.se\\\/de\\\/#\\\/schema\\\/logo\\\/image\\\/\"},\"sameAs\":[\"https:\\\/\\\/www.facebook.com\\\/microsystemation\",\"https:\\\/\\\/x.com\\\/MSAB_XRY\",\"https:\\\/\\\/www.linkedin.com\\\/company\\\/micro-systemation\"]}]}<\/script>\n<!-- \/ Yoast SEO Premium plugin. -->","yoast_head_json":{"title":"XRY - Photon - MSAB","robots":{"index":"noindex","follow":"follow","max-snippet":"max-snippet:-1","max-image-preview":"max-image-preview:large","max-video-preview":"max-video-preview:-1"},"og_locale":"de_DE","og_type":"article","og_title":"XRY - Photon","og_url":"https:\/\/www.msab.customer03.tgen.se\/de\/product\/xry-extract\/xry-photon\/","og_site_name":"MSAB","article_publisher":"https:\/\/www.facebook.com\/microsystemation","article_modified_time":"2023-11-27T14:05:18+00:00","twitter_card":"summary_large_image","twitter_site":"@MSAB_XRY","schema":{"@context":"https:\/\/schema.org","@graph":[{"@type":"WebPage","@id":"https:\/\/www.msab.customer03.tgen.se\/de\/product\/xry-extract\/xry-photon\/","url":"https:\/\/www.msab.customer03.tgen.se\/de\/product\/xry-extract\/xry-photon\/","name":"XRY - Photon - MSAB","isPartOf":{"@id":"https:\/\/www.msab.customer03.tgen.se\/de\/#website"},"datePublished":"2021-10-18T10:33:02+00:00","dateModified":"2023-11-27T14:05:18+00:00","breadcrumb":{"@id":"https:\/\/www.msab.customer03.tgen.se\/de\/product\/xry-extract\/xry-photon\/#breadcrumb"},"inLanguage":"de","potentialAction":[{"@type":"ReadAction","target":["https:\/\/www.msab.customer03.tgen.se\/de\/product\/xry-extract\/xry-photon\/"]}]},{"@type":"BreadcrumbList","@id":"https:\/\/www.msab.customer03.tgen.se\/de\/product\/xry-extract\/xry-photon\/#breadcrumb","itemListElement":[{"@type":"ListItem","position":1,"name":"","item":"https:\/\/www.msab.customer03.tgen.se\/de\/"},{"@type":"ListItem","position":2,"name":"XRY &#8211; Extract","item":"https:\/\/www.msab.customer03.tgen.se\/de\/product\/xry-extract\/"},{"@type":"ListItem","position":3,"name":"XRY &#8211; Photon"}]},{"@type":"WebSite","@id":"https:\/\/www.msab.customer03.tgen.se\/de\/#website","url":"https:\/\/www.msab.customer03.tgen.se\/de\/","name":"MSAB","description":"Trusted Partner in Digital Forensics","publisher":{"@id":"https:\/\/www.msab.customer03.tgen.se\/de\/#organization"},"potentialAction":[{"@type":"SearchAction","target":{"@type":"EntryPoint","urlTemplate":"https:\/\/www.msab.customer03.tgen.se\/de\/?s={search_term_string}"},"query-input":{"@type":"PropertyValueSpecification","valueRequired":true,"valueName":"search_term_string"}}],"inLanguage":"de"},{"@type":"Organization","@id":"https:\/\/www.msab.customer03.tgen.se\/de\/#organization","name":"MSAB","url":"https:\/\/www.msab.customer03.tgen.se\/de\/","logo":{"@type":"ImageObject","inLanguage":"de","@id":"https:\/\/www.msab.customer03.tgen.se\/de\/#\/schema\/logo\/image\/","url":"https:\/\/www.msab.customer03.tgen.se\/wp-content\/uploads\/2023\/03\/MSAB-logo-Black-RGB.png","contentUrl":"https:\/\/www.msab.customer03.tgen.se\/wp-content\/uploads\/2023\/03\/MSAB-logo-Black-RGB.png","width":1198,"height":353,"caption":"MSAB"},"image":{"@id":"https:\/\/www.msab.customer03.tgen.se\/de\/#\/schema\/logo\/image\/"},"sameAs":["https:\/\/www.facebook.com\/microsystemation","https:\/\/x.com\/MSAB_XRY","https:\/\/www.linkedin.com\/company\/micro-systemation"]}]}},"_links":{"self":[{"href":"https:\/\/www.msab.customer03.tgen.se\/de\/wp-json\/wp\/v2\/product\/5871","targetHints":{"allow":["GET"]}}],"collection":[{"href":"https:\/\/www.msab.customer03.tgen.se\/de\/wp-json\/wp\/v2\/product"}],"about":[{"href":"https:\/\/www.msab.customer03.tgen.se\/de\/wp-json\/wp\/v2\/types\/product"}],"author":[{"embeddable":true,"href":"https:\/\/www.msab.customer03.tgen.se\/de\/wp-json\/wp\/v2\/users\/106"}],"up":[{"embeddable":true,"href":"https:\/\/www.msab.customer03.tgen.se\/de\/wp-json\/wp\/v2\/product\/5868"}],"wp:attachment":[{"href":"https:\/\/www.msab.customer03.tgen.se\/de\/wp-json\/wp\/v2\/media?parent=5871"}],"curies":[{"name":"wp","href":"https:\/\/api.w.org\/{rel}","templated":true}]}}